{"id":96,"date":"2014-11-17T20:44:13","date_gmt":"2014-11-17T19:44:13","guid":{"rendered":"http:\/\/www.hospiz-solingen.de\/wpn\/?page_id=96"},"modified":"2016-02-07T10:47:43","modified_gmt":"2016-02-07T09:47:43","slug":"beratungen-zu-patientenverfuegung","status":"publish","type":"page","link":"https:\/\/www.hospiz-solingen.de\/wpn\/beratungen-zu-patientenverfuegung\/","title":{"rendered":"Beratungen zu Patientenverf\u00fcgung und Vorsorgevollmacht"},"content":{"rendered":"<p>Regelm\u00e4\u00dfig bietet das Palliative Hospiz Solingen Beratungsgespr\u00e4che zum Thema Patientenverf\u00fcgung, Vorsorgevollmacht und Betreuungsrecht an.<\/p>\n<p>Ein Team qualifizierter, ehrenamtlicher Mitarbeiterinnen und Mitarbeiter spricht mit Ihnen \u00fcber Ihre Fragen und hat ein offenes Ohr f\u00fcr Ihre Anliegen.<\/p>\n<p>Jeder Teilnehmer erh\u00e4lt als Anregung Formulierungshilfen, Formulare und Ausweise.<\/p>\n<p>Weitere Informationen finden Sie auf den Seiten des Hospizstiftung:<br \/>\n<a href=\"http:\/\/hospizstiftung-solingen.de\/beratungen-zu-patientenverfuegung-und-vorsorgevollmacht\/\" target=\"_blank\">www.hospizstiftung-solingen.de<\/a>.<\/p>\n<p>Rechtsvorbehalt:\u00a0Die Erteilung von Rechtsausk\u00fcnften ist in Deutschland allein der Berufsgruppe der Rechtsanw\u00e4lte vorbehalten. Soweit in den Gespr\u00e4chen nicht vermieden werden kann, auf rechtliche Aspekte Bezug zu nehmen, so sind diese Informationen als unverbindlich zu bewerten und bed\u00fcrfen der eigenverantwortlichen Abkl\u00e4rung.<\/p>\n<p><strong>Weitere Informationen<\/strong>\u00a0zu diesem Thema gibt es unter der Adresse <a title=\"Bundesministerium der Justiz\" href=\"http:\/\/www.bmj.bund.de\/\" target=\"_blank\">Bundesministerium der Justiz<\/a>. Zu finden sind dort Dokumente im PDF-Format wie zum Beispiel eine Brosch\u00fcre Patientenverf\u00fcgung 2004 oder Formulierungshilfen zu Patientenverf\u00fcgungen.<\/p>\n","protected":false},"excerpt":{"rendered":"<p>Regelm\u00e4\u00dfig bietet das Palliative Hospiz Solingen Beratungsgespr\u00e4che zum Thema Patientenverf\u00fcgung, Vorsorgevollmacht und Betreuungsrecht an. Ein Team qualifizierter, ehrenamtlicher Mitarbeiterinnen und Mitarbeiter spricht mit Ihnen \u00fcber Ihre Fragen und hat ein offenes Ohr f\u00fcr Ihre Anliegen. Jeder Teilnehmer erh\u00e4lt als Anregung<\/p>\n","protected":false},"author":1,"featured_media":0,"parent":0,"menu_order":0,"comment_status":"closed","ping_status":"closed","template":"","meta":{"footnotes":""},"class_list":["post-96","page","type-page","status-publish","hentry"],"_links":{"self":[{"href":"https:\/\/www.hospiz-solingen.de\/wpn\/wp-json\/wp\/v2\/pages\/96","targetHints":{"allow":["GET"]}}],"collection":[{"href":"https:\/\/www.hospiz-solingen.de\/wpn\/wp-json\/wp\/v2\/pages"}],"about":[{"href":"https:\/\/www.hospiz-solingen.de\/wpn\/wp-json\/wp\/v2\/types\/page"}],"author":[{"embeddable":true,"href":"https:\/\/www.hospiz-solingen.de\/wpn\/wp-json\/wp\/v2\/users\/1"}],"replies":[{"embeddable":true,"href":"https:\/\/www.hospiz-solingen.de\/wpn\/wp-json\/wp\/v2\/comments?post=96"}],"version-history":[{"count":11,"href":"https:\/\/www.hospiz-solingen.de\/wpn\/wp-json\/wp\/v2\/pages\/96\/revisions"}],"predecessor-version":[{"id":567,"href":"https:\/\/www.hospiz-solingen.de\/wpn\/wp-json\/wp\/v2\/pages\/96\/revisions\/567"}],"wp:attachment":[{"href":"https:\/\/www.hospiz-solingen.de\/wpn\/wp-json\/wp\/v2\/media?parent=96"}],"curies":[{"name":"wp","href":"https:\/\/api.w.org\/{rel}","templated":true}]}}