{"id":533,"date":"2016-01-05T10:11:36","date_gmt":"2016-01-05T09:11:36","guid":{"rendered":"http:\/\/www.hospiz-solingen.de\/wpn\/?page_id=533"},"modified":"2017-04-26T10:21:49","modified_gmt":"2017-04-26T08:21:49","slug":"hospizstiftung","status":"publish","type":"page","link":"https:\/\/www.hospiz-solingen.de\/wpn\/hospizstiftung\/","title":{"rendered":"Hospizstiftung"},"content":{"rendered":"<p><img loading=\"lazy\" decoding=\"async\" class=\"alignleft wp-image-87 size-full\" src=\"http:\/\/hospizstiftung-solingen.de\/wp-content\/uploads\/stiftungslogo_300.png\" alt=\"stiftungslogo_300\" width=\"300\" height=\"154\" \/>Die Mitgliederversammlung von PHoS e.V. hat im Jahr 2014 beschlossen, eine Stiftung zu gr\u00fcnden<!--more--> mit dem Zweck, ein Hospiz in Solingen zu bauen, den Betrieb und den Verein zu unterst\u00fctzen und dar\u00fcber hinaus weitere Angebote zu den Themen Sterben, Tod und Trauer zu machen. Dazu wurde Anfang Juli 2015 die Palliative Hospizstiftung Solingen ins Leben gerufen. Mit einem Stammkapital von 50.000 EURO verfolgt sie nun das Ziel, 3 Mio. EURO zu sammeln um ein eigenes Hospiz in Solingen bauen zu k\u00f6nnen, es zweckentsprechend einzurichten und finanziell zu unterst\u00fctzen. Wenn dies gelungen ist, so soll neben zweckgebundenen Spenden wie den weiter bestehenden Patenschaften langfristig das Stammkapital erh\u00f6ht werden, damit das Hospiz nachhaltig und zukunftsorientiert betrieben werden kann um vielen weiteren Menschen zu helfen.<\/p>\n<p>Weitere Informationen k\u00f6nnen Sie <a href=\"http:\/\/hospizstiftung-solingen.de\" target=\"_blank\" rel=\"noopener noreferrer\">hier der Homepage der Hospizstiftung auf hospizstiftung-solingen.de<\/a> entnehmen.<\/p>\n","protected":false},"excerpt":{"rendered":"<p>Die Mitgliederversammlung von PHoS e.V. hat im Jahr 2014 beschlossen, eine Stiftung zu gr\u00fcnden<\/p>\n","protected":false},"author":1,"featured_media":537,"parent":0,"menu_order":0,"comment_status":"closed","ping_status":"closed","template":"","meta":{"footnotes":""},"class_list":["post-533","page","type-page","status-publish","has-post-thumbnail","hentry"],"_links":{"self":[{"href":"https:\/\/www.hospiz-solingen.de\/wpn\/wp-json\/wp\/v2\/pages\/533","targetHints":{"allow":["GET"]}}],"collection":[{"href":"https:\/\/www.hospiz-solingen.de\/wpn\/wp-json\/wp\/v2\/pages"}],"about":[{"href":"https:\/\/www.hospiz-solingen.de\/wpn\/wp-json\/wp\/v2\/types\/page"}],"author":[{"embeddable":true,"href":"https:\/\/www.hospiz-solingen.de\/wpn\/wp-json\/wp\/v2\/users\/1"}],"replies":[{"embeddable":true,"href":"https:\/\/www.hospiz-solingen.de\/wpn\/wp-json\/wp\/v2\/comments?post=533"}],"version-history":[{"count":3,"href":"https:\/\/www.hospiz-solingen.de\/wpn\/wp-json\/wp\/v2\/pages\/533\/revisions"}],"predecessor-version":[{"id":670,"href":"https:\/\/www.hospiz-solingen.de\/wpn\/wp-json\/wp\/v2\/pages\/533\/revisions\/670"}],"wp:featuredmedia":[{"embeddable":true,"href":"https:\/\/www.hospiz-solingen.de\/wpn\/wp-json\/wp\/v2\/media\/537"}],"wp:attachment":[{"href":"https:\/\/www.hospiz-solingen.de\/wpn\/wp-json\/wp\/v2\/media?parent=533"}],"curies":[{"name":"wp","href":"https:\/\/api.w.org\/{rel}","templated":true}]}}