{"id":44,"date":"2014-11-16T23:20:59","date_gmt":"2014-11-16T22:20:59","guid":{"rendered":"http:\/\/www.hospiz-solingen.de\/wpn\/?page_id=44"},"modified":"2021-02-19T11:21:42","modified_gmt":"2021-02-19T10:21:42","slug":"impressum","status":"publish","type":"page","link":"https:\/\/www.hospiz-solingen.de\/wpn\/impressum\/","title":{"rendered":"Impressum"},"content":{"rendered":"<p>Impressum<\/p>\n<p>Verantwortlicher Site-Betreiber:<\/p>\n<p>PHoS e. V.<br \/>\nGotenstr. 1<br \/>\n42653 Solingen<\/p>\n<p>Vorstandsvorsitzende: Frau Cordula Scheffels<\/p>\n<p>Tel.: 0212 &#8211; 547-2789<br \/>\nFax: 0212 &#8211; 547-2711<br \/>\nE-Mail: info@hospiz-solingen.de<br \/>\nInternet: http:\/\/www.hospiz-solingen.de<\/p>\n<p>Rechtsform: Gemeinn\u00fctziger Verein<br \/>\nRegistergericht Wuppertal<br \/>\nVR 26384<\/p>\n<p>Palliatives Hospiz Solingen e. V.<br \/>\nAlle Rechte vorbehalten. (All rights reserved.)<\/p>\n<p>Quellenangabe Fotos:<br \/>\nChristian Beier<\/p>\n<p>Umsetzung der Website:<br \/>\ngobits &#8211; <a title=\"gobits.de\" href=\"http:\/\/www.gobits.de\" target=\"_blank\" rel=\"noopener\">www.gobits.de<\/a><\/p>\n<p><strong>1. Inhalt des Onlineangebotes<\/strong><br \/>\nEs wird keinerlei Gew\u00e4hr oder Haftung f\u00fcr die bereitgestellten Informationen \u00fcbernommen. Haftungsanspr\u00fcche, welche sich auf Sch\u00e4den materieller oder ideeller Art beziehen, die durch die Nutzung oder Nichtnutzung der dargebotenen Informationen bzw. durch die Nutzung fehlerhafter und unvollst\u00e4ndiger Informationen verursacht wurden, sind grunds\u00e4tzlich ausgeschlossen, sofern kein nachweislich vors\u00e4tzliches oder grob fahrl\u00e4ssiges Verschulden vorliegt, genommen.<br \/>\nder Verein beh\u00e4lt es sich ausdr\u00fccklich vor, Teile der Seiten oder das gesamte Angebot ohne gesonderte Ank\u00fcndigung zu ver\u00e4ndern, zu erg\u00e4nzen, zu l\u00f6schen oder die Ver\u00f6ffentlichung zeitweise oder endg\u00fcltig einzustellen. Irrt\u00fcmer und Druckfehler vorbehalten. Jegliche Nutzung des Online-Angebotes erfolgt auf eigene Verantwortung.<\/p>\n<p><strong>2. Verweise und Links<\/strong><br \/>\nDas Internet-Angebot enth\u00e4lt m\u00f6glicherweise Links, die zu Websites anderer Anbieter f\u00fchren, auf deren Gestaltung und Inhalte der Verein keinen Einfluss hat. Inhalte anderer Anbieter macht der Verein sich in keiner Weise zu eigen, auch wenn in der Form von Hyperlinks auf solche Inhalte hingewiesen wird. Es wird daher keine Haftung\/Verantwortung f\u00fcr Richtigkeit, Aktualit\u00e4t, Vollst\u00e4ndigkeit und Qualit\u00e4t der auf anderen Websites bereitgestellten Informationen \u00fcbernommen. Bedenken die der Nutzer im Zusammenhang mit einer solchen Website hat, sind durch den Nutzer direkt an den Betreiber der jeweiligen Website zu richten.<\/p>\n<p><strong>3. Urheber- und Kennzeichenrecht<\/strong><br \/>\nder Verein ist bestrebt, in allen Publikationen die Urheberrechte der verwendeten Bilder, Grafiken, Tondokumente, Videosequenzen und Texte zu beachten, selbst erstellte Bilder, Grafiken, Tondokumente, Videosequenzen und Texte zu nutzen oder auf lizenzfreie Grafiken, Tondokumente, Videosequenzen und Texte zur\u00fcckzugreifen.<br \/>\nAlle innerhalb des Internetangebotes genannten und ggf. durch Dritte gesch\u00fctzten Marken- und Warenzeichen unterliegen uneingeschr\u00e4nkt den Bestimmungen des jeweils g\u00fcltigen Kennzeichenrechts und den Besitzrechten der jeweiligen eingetragenen Eigent\u00fcmer. Allein aufgrund der blo\u00dfen Nennung ist nicht der Schluss zu ziehen, dass Markenzeichen nicht durch Rechte Dritter gesch\u00fctzt sind!<br \/>\nDas Copyright f\u00fcr ver\u00f6ffentlichte, vom Autor selbst erstellte Objekte bleibt allein beim Autor der Seiten. Eine Vervielf\u00e4ltigung oder Verwendung solcher Grafiken, Tondokumente, Videosequenzen und Texte in anderen elektronischen oder gedruckten Publikationen ist ohne ausdr\u00fcckliche schriftliche Zustimmung nicht gestattet. Alle genannten Marken und Produktnamen sind Warenzeichen, eingetragene Warenzeichen oder Marken der jeweiligen Eigent\u00fcmer oder durch sonstige Schutzrechte des Rechteinhabers gesch\u00fctzt.<\/p>\n<p><strong>4. Recht<\/strong><br \/>\nder Verein ist bem\u00fcht, sicherzustellen, dass der Inhalt der Internet-Seiten frei von Fehlern und auf aktuellstem Stand ist. Grunds\u00e4tzlich erfolgen s\u00e4mtlich hier gemachten Angaben ohne Gew\u00e4hr. Unser Internet Angebot ist auf der Grundlage der Rechtsordnung der Bundesrepublik Deutschland erstellt. Wir \u00fcbernehmen keine Haftung daf\u00fcr, dass unser Internet-Angebot f\u00fcr Nutzer aus anderen Staaten geeignet, verwendbar oder dort rechtlich zul\u00e4ssig ist.<br \/>\nDie Nutzung der im Rahmen des Impressums oder vergleichbarer Angaben ver\u00f6ffentlichten Kontaktdaten wie Postanschriften, Telefon- und Faxnummern sowie E-Mail-Adressen durch Dritte zur \u00dcbersendung von nicht ausdr\u00fccklich angeforderten Informationen ist nicht gestattet. Rechtliche Schritte gegen die Versender von sogenannten Spam-Mails bei Verst\u00f6\u00dfen gegen dieses Verbot sind ausdr\u00fccklich vorbehalten.<\/p>\n<p>Sollten Sie Fragen haben, bitte scheuen Sie sich nicht und nehmen Kontakt auf unter info@hospiz-solingen.de.<\/p>\n<p>Unser Internet Angebot ist auf der Grundlage der Rechtsordnung der Bundesrepublik Deutschland erstellt. Wir \u00fcbernehmen keine Haftung daf\u00fcr, dass unser Internet-Angebot f\u00fcr Nutzer aus anderen Staaten geeignet, verwendbar oder dort rechtlich zul\u00e4ssig ist.<\/p>\n<p>Stand: 05\/2015<\/p>\n","protected":false},"excerpt":{"rendered":"<p>Impressum Verantwortlicher Site-Betreiber: PHoS e. V. Gotenstr. 1 42653 Solingen Vorstandsvorsitzende: Frau Cordula Scheffels Tel.: 0212 &#8211; 547-2789 Fax: 0212 &#8211; 547-2711 E-Mail: info@hospiz-solingen.de Internet: http:\/\/www.hospiz-solingen.de Rechtsform: Gemeinn\u00fctziger Verein Registergericht Wuppertal VR 26384 Palliatives Hospiz Solingen e. V. Alle Rechte<\/p>\n","protected":false},"author":1,"featured_media":0,"parent":0,"menu_order":0,"comment_status":"closed","ping_status":"closed","template":"","meta":{"footnotes":""},"class_list":["post-44","page","type-page","status-publish","hentry"],"_links":{"self":[{"href":"https:\/\/www.hospiz-solingen.de\/wpn\/wp-json\/wp\/v2\/pages\/44","targetHints":{"allow":["GET"]}}],"collection":[{"href":"https:\/\/www.hospiz-solingen.de\/wpn\/wp-json\/wp\/v2\/pages"}],"about":[{"href":"https:\/\/www.hospiz-solingen.de\/wpn\/wp-json\/wp\/v2\/types\/page"}],"author":[{"embeddable":true,"href":"https:\/\/www.hospiz-solingen.de\/wpn\/wp-json\/wp\/v2\/users\/1"}],"replies":[{"embeddable":true,"href":"https:\/\/www.hospiz-solingen.de\/wpn\/wp-json\/wp\/v2\/comments?post=44"}],"version-history":[{"count":16,"href":"https:\/\/www.hospiz-solingen.de\/wpn\/wp-json\/wp\/v2\/pages\/44\/revisions"}],"predecessor-version":[{"id":1063,"href":"https:\/\/www.hospiz-solingen.de\/wpn\/wp-json\/wp\/v2\/pages\/44\/revisions\/1063"}],"wp:attachment":[{"href":"https:\/\/www.hospiz-solingen.de\/wpn\/wp-json\/wp\/v2\/media?parent=44"}],"curies":[{"name":"wp","href":"https:\/\/api.w.org\/{rel}","templated":true}]}}