{"id":31,"date":"2014-11-16T17:11:00","date_gmt":"2014-11-16T16:11:00","guid":{"rendered":"http:\/\/www.hospiz-solingen.de\/wpn\/?page_id=31"},"modified":"2025-06-12T14:26:20","modified_gmt":"2025-06-12T12:26:20","slug":"ueber-das-phos","status":"publish","type":"page","link":"https:\/\/www.hospiz-solingen.de\/wpn\/ueber-das-phos\/","title":{"rendered":"\u00dcber PHoS"},"content":{"rendered":"<p>PHoS<br \/>\nIm November 1993 wurde das Palliative Hospiz Solingen e.V. (PHoS), das die Betreuung unheilbarer Kranker und Sterbender ambulant wie station\u00e4r f\u00f6rdert, gegr\u00fcndet.<\/p>\n<p>Vorstand<br \/>\nDer Vorstand besteht laut Satzung aus f\u00fcnf Mitgliedern.<\/p>\n<figure id=\"attachment_1164\" aria-describedby=\"caption-attachment-1164\" style=\"width: 300px\" class=\"wp-caption alignnone\"><a href=\"https:\/\/www.hospiz-solingen.de\/wpn\/wp-content\/uploads\/2023\/02\/PHoS_Vorstand_2023_favorit-scaled.jpg\"><img loading=\"lazy\" decoding=\"async\" class=\"wp-image-1164 size-medium\" src=\"https:\/\/www.hospiz-solingen.de\/wpn\/wp-content\/uploads\/2023\/02\/PHoS_Vorstand_2023_favorit-scaled-e1749731038151-300x205.jpg\" alt=\"Vorstand\" width=\"300\" height=\"205\" srcset=\"https:\/\/www.hospiz-solingen.de\/wpn\/wp-content\/uploads\/2023\/02\/PHoS_Vorstand_2023_favorit-scaled-e1749731038151-300x205.jpg 300w, https:\/\/www.hospiz-solingen.de\/wpn\/wp-content\/uploads\/2023\/02\/PHoS_Vorstand_2023_favorit-scaled-e1749731038151-1024x701.jpg 1024w, https:\/\/www.hospiz-solingen.de\/wpn\/wp-content\/uploads\/2023\/02\/PHoS_Vorstand_2023_favorit-scaled-e1749731038151-768x525.jpg 768w, https:\/\/www.hospiz-solingen.de\/wpn\/wp-content\/uploads\/2023\/02\/PHoS_Vorstand_2023_favorit-scaled-e1749731038151-1536x1051.jpg 1536w, https:\/\/www.hospiz-solingen.de\/wpn\/wp-content\/uploads\/2023\/02\/PHoS_Vorstand_2023_favorit-scaled-e1749731038151.jpg 1988w\" sizes=\"auto, (max-width: 300px) 100vw, 300px\" \/><\/a><figcaption id=\"caption-attachment-1164\" class=\"wp-caption-text\"><span style=\"font-size: revert; color: initial;\">V. l.:\u00a0 Angelika Beyer (stellvertretende Vorsitzende), Helmut Seelig, Cordula Scheffels (Vorstandsvorsitzende), Dr. Hans-Ulrich Giesen, Ursula Becker<\/span><\/figcaption><\/figure>\n","protected":false},"excerpt":{"rendered":"<p>PHoS Im November 1993 wurde das Palliative Hospiz Solingen e.V. (PHoS), das die Betreuung unheilbarer Kranker und Sterbender ambulant wie station\u00e4r f\u00f6rdert, gegr\u00fcndet. Vorstand Der Vorstand besteht laut Satzung aus f\u00fcnf Mitgliedern.<\/p>\n","protected":false},"author":1,"featured_media":0,"parent":0,"menu_order":0,"comment_status":"closed","ping_status":"closed","template":"","meta":{"footnotes":""},"class_list":["post-31","page","type-page","status-publish","hentry"],"_links":{"self":[{"href":"https:\/\/www.hospiz-solingen.de\/wpn\/wp-json\/wp\/v2\/pages\/31","targetHints":{"allow":["GET"]}}],"collection":[{"href":"https:\/\/www.hospiz-solingen.de\/wpn\/wp-json\/wp\/v2\/pages"}],"about":[{"href":"https:\/\/www.hospiz-solingen.de\/wpn\/wp-json\/wp\/v2\/types\/page"}],"author":[{"embeddable":true,"href":"https:\/\/www.hospiz-solingen.de\/wpn\/wp-json\/wp\/v2\/users\/1"}],"replies":[{"embeddable":true,"href":"https:\/\/www.hospiz-solingen.de\/wpn\/wp-json\/wp\/v2\/comments?post=31"}],"version-history":[{"count":12,"href":"https:\/\/www.hospiz-solingen.de\/wpn\/wp-json\/wp\/v2\/pages\/31\/revisions"}],"predecessor-version":[{"id":1327,"href":"https:\/\/www.hospiz-solingen.de\/wpn\/wp-json\/wp\/v2\/pages\/31\/revisions\/1327"}],"wp:attachment":[{"href":"https:\/\/www.hospiz-solingen.de\/wpn\/wp-json\/wp\/v2\/media?parent=31"}],"curies":[{"name":"wp","href":"https:\/\/api.w.org\/{rel}","templated":true}]}}