{"id":264,"date":"2014-12-08T19:24:10","date_gmt":"2014-12-08T18:24:10","guid":{"rendered":"http:\/\/www.hospiz-solingen.de\/wpn\/?page_id=264"},"modified":"2019-07-16T09:45:59","modified_gmt":"2019-07-16T07:45:59","slug":"mitglied-werden","status":"publish","type":"page","link":"https:\/\/www.hospiz-solingen.de\/wpn\/mitglied-werden\/","title":{"rendered":"Mitglied werden"},"content":{"rendered":"<p>Alle unseren angebotenen Leistungen sind f\u00fcr die Betroffenen kostenfrei.<\/p>\n<p>M\u00f6glich macht dies die unerm\u00fcdliche Unterst\u00fctzung von Vereinsmitgliedern und SpenderInnen sowie das Engagement von ehrenamtlichen HelferInnen \u2013 dem Herzen und Motor von PHoS.<\/p>\n<p>Auch Sie k\u00f6nnen dazu beitragen, die Situation sterbender und trauernder Menschen in Solingen zu verbessern:<\/p>\n<p>Wir sind auf der Suche nach Verb\u00fcndeten!<\/p>\n<p>Werden Sie als Vereinsmitglied Teil der Hospizbewegung. Hier geht es zum\u00a0 <a href=\"https:\/\/www.hospiz-solingen.de\/wpn\/wp-content\/uploads\/2019\/07\/Aufnahmeantrag.pdf\">Aufnahmeantrag<\/a> (PDF-Download).<\/p>\n","protected":false},"excerpt":{"rendered":"<p>Alle unseren angebotenen Leistungen sind f\u00fcr die Betroffenen kostenfrei. M\u00f6glich macht dies die unerm\u00fcdliche Unterst\u00fctzung von Vereinsmitgliedern und SpenderInnen sowie das Engagement von ehrenamtlichen HelferInnen \u2013 dem Herzen und Motor von PHoS. Auch Sie k\u00f6nnen dazu beitragen, die Situation sterbender<\/p>\n","protected":false},"author":1,"featured_media":0,"parent":0,"menu_order":0,"comment_status":"closed","ping_status":"closed","template":"","meta":{"footnotes":""},"class_list":["post-264","page","type-page","status-publish","hentry"],"_links":{"self":[{"href":"https:\/\/www.hospiz-solingen.de\/wpn\/wp-json\/wp\/v2\/pages\/264","targetHints":{"allow":["GET"]}}],"collection":[{"href":"https:\/\/www.hospiz-solingen.de\/wpn\/wp-json\/wp\/v2\/pages"}],"about":[{"href":"https:\/\/www.hospiz-solingen.de\/wpn\/wp-json\/wp\/v2\/types\/page"}],"author":[{"embeddable":true,"href":"https:\/\/www.hospiz-solingen.de\/wpn\/wp-json\/wp\/v2\/users\/1"}],"replies":[{"embeddable":true,"href":"https:\/\/www.hospiz-solingen.de\/wpn\/wp-json\/wp\/v2\/comments?post=264"}],"version-history":[{"count":5,"href":"https:\/\/www.hospiz-solingen.de\/wpn\/wp-json\/wp\/v2\/pages\/264\/revisions"}],"predecessor-version":[{"id":918,"href":"https:\/\/www.hospiz-solingen.de\/wpn\/wp-json\/wp\/v2\/pages\/264\/revisions\/918"}],"wp:attachment":[{"href":"https:\/\/www.hospiz-solingen.de\/wpn\/wp-json\/wp\/v2\/media?parent=264"}],"curies":[{"name":"wp","href":"https:\/\/api.w.org\/{rel}","templated":true}]}}