{"id":164,"date":"2014-11-18T22:06:08","date_gmt":"2014-11-18T21:06:08","guid":{"rendered":"http:\/\/www.hospiz-solingen.de\/wpn\/?page_id=164"},"modified":"2025-03-31T13:12:36","modified_gmt":"2025-03-31T11:12:36","slug":"stationaeres-hospiz-2","status":"publish","type":"page","link":"https:\/\/www.hospiz-solingen.de\/wpn\/stationaeres-hospiz-2\/","title":{"rendered":"Station\u00e4res Hospiz"},"content":{"rendered":"\n<p><span style=\"color: #800000;\"><strong> <\/strong><\/span><a href=\"https:\/\/youtu.be\/TSAYkqyQvVM?si=58FNYxARdKiVl4jS\"><strong>Hospizfilm<\/strong><\/a> der StudentInnen Marla Kirchner und Henning Kopp<\/p>\n\n\n\n<figure class=\"wp-block-image size-full is-resized\"><a href=\"https:\/\/youtu.be\/TSAYkqyQvVM?si=58FNYxARdKiVl4jS\"><img loading=\"lazy\" decoding=\"async\" width=\"400\" height=\"400\" src=\"https:\/\/www.hospiz-solingen.de\/wpn\/wp-content\/uploads\/2023\/11\/image.png\" alt=\"\" class=\"wp-image-1223\" style=\"aspect-ratio:1;width:269px;height:auto\" srcset=\"https:\/\/www.hospiz-solingen.de\/wpn\/wp-content\/uploads\/2023\/11\/image.png 400w, https:\/\/www.hospiz-solingen.de\/wpn\/wp-content\/uploads\/2023\/11\/image-300x300.png 300w, https:\/\/www.hospiz-solingen.de\/wpn\/wp-content\/uploads\/2023\/11\/image-150x150.png 150w, https:\/\/www.hospiz-solingen.de\/wpn\/wp-content\/uploads\/2023\/11\/image-270x270.png 270w, https:\/\/www.hospiz-solingen.de\/wpn\/wp-content\/uploads\/2023\/11\/image-230x230.png 230w\" sizes=\"auto, (max-width: 400px) 100vw, 400px\" \/><\/a><\/figure>\n\n\n\n<p>Hier gibt es einen virtuellen Rundgang durchs Hospiz:<\/p>\n\n\n\n<p><strong><a rel=\"noreferrer noopener\" href=\"https:\/\/youtu.be\/kya88MBVvGY\" target=\"_blank\">Video<\/a><\/strong><\/p>\n\n\n\n<figure class=\"wp-block-image size-large is-resized\"><a href=\"https:\/\/youtu.be\/kya88MBVvGY\" target=\"_blank\" rel=\"noopener noreferrer\"><img loading=\"lazy\" decoding=\"async\" width=\"400\" height=\"400\" src=\"https:\/\/www.hospiz-solingen.de\/wpn\/wp-content\/uploads\/2020\/09\/youtube_social_200x200.png\" alt=\"\" class=\"wp-image-1029\" style=\"aspect-ratio:1;width:276px;height:auto\" srcset=\"https:\/\/www.hospiz-solingen.de\/wpn\/wp-content\/uploads\/2020\/09\/youtube_social_200x200.png 400w, https:\/\/www.hospiz-solingen.de\/wpn\/wp-content\/uploads\/2020\/09\/youtube_social_200x200-300x300.png 300w, https:\/\/www.hospiz-solingen.de\/wpn\/wp-content\/uploads\/2020\/09\/youtube_social_200x200-150x150.png 150w, https:\/\/www.hospiz-solingen.de\/wpn\/wp-content\/uploads\/2020\/09\/youtube_social_200x200-270x270.png 270w, https:\/\/www.hospiz-solingen.de\/wpn\/wp-content\/uploads\/2020\/09\/youtube_social_200x200-230x230.png 230w\" sizes=\"auto, (max-width: 400px) 100vw, 400px\" \/><\/a><\/figure>\n\n\n\n<p><\/p>\n\n\n\n<!--more-->\n\n\n\n<div class=\"wp-block-group is-layout-flow wp-block-group-is-layout-flow\">\n<figure class=\"wp-block-gallery has-nested-images columns-default wp-block-gallery-1 is-layout-flex wp-block-gallery-is-layout-flex\">\n<figure class=\"wp-block-image size-full\"><img loading=\"lazy\" decoding=\"async\" width=\"1430\" height=\"953\" data-id=\"882\" src=\"https:\/\/www.hospiz-solingen.de\/wpn\/wp-content\/uploads\/2019\/05\/Ansicht_Eingang.jpg\" alt=\"\" class=\"wp-image-882\" srcset=\"https:\/\/www.hospiz-solingen.de\/wpn\/wp-content\/uploads\/2019\/05\/Ansicht_Eingang.jpg 1430w, https:\/\/www.hospiz-solingen.de\/wpn\/wp-content\/uploads\/2019\/05\/Ansicht_Eingang-300x200.jpg 300w, https:\/\/www.hospiz-solingen.de\/wpn\/wp-content\/uploads\/2019\/05\/Ansicht_Eingang-768x512.jpg 768w, https:\/\/www.hospiz-solingen.de\/wpn\/wp-content\/uploads\/2019\/05\/Ansicht_Eingang-1024x682.jpg 1024w\" sizes=\"auto, (max-width: 1430px) 100vw, 1430px\" \/><figcaption class=\"wp-element-caption\">Eingang<\/figcaption><\/figure>\n\n\n\n<figure class=\"wp-block-image size-full\"><img loading=\"lazy\" decoding=\"async\" width=\"1430\" height=\"953\" data-id=\"881\" src=\"https:\/\/www.hospiz-solingen.de\/wpn\/wp-content\/uploads\/2019\/05\/Terrasse2.jpg\" alt=\"\" class=\"wp-image-881\" srcset=\"https:\/\/www.hospiz-solingen.de\/wpn\/wp-content\/uploads\/2019\/05\/Terrasse2.jpg 1430w, https:\/\/www.hospiz-solingen.de\/wpn\/wp-content\/uploads\/2019\/05\/Terrasse2-300x200.jpg 300w, https:\/\/www.hospiz-solingen.de\/wpn\/wp-content\/uploads\/2019\/05\/Terrasse2-768x512.jpg 768w, https:\/\/www.hospiz-solingen.de\/wpn\/wp-content\/uploads\/2019\/05\/Terrasse2-1024x682.jpg 1024w\" sizes=\"auto, (max-width: 1430px) 100vw, 1430px\" \/><figcaption class=\"wp-element-caption\">Terrassen<\/figcaption><\/figure>\n\n\n\n<figure class=\"wp-block-image size-full\"><img loading=\"lazy\" decoding=\"async\" width=\"1428\" height=\"950\" data-id=\"785\" src=\"https:\/\/www.hospiz-solingen.de\/wpn\/wp-content\/uploads\/2018\/09\/Innenhof.jpg\" alt=\"\" class=\"wp-image-785\" srcset=\"https:\/\/www.hospiz-solingen.de\/wpn\/wp-content\/uploads\/2018\/09\/Innenhof.jpg 1428w, https:\/\/www.hospiz-solingen.de\/wpn\/wp-content\/uploads\/2018\/09\/Innenhof-300x200.jpg 300w, https:\/\/www.hospiz-solingen.de\/wpn\/wp-content\/uploads\/2018\/09\/Innenhof-768x511.jpg 768w, https:\/\/www.hospiz-solingen.de\/wpn\/wp-content\/uploads\/2018\/09\/Innenhof-1024x681.jpg 1024w\" sizes=\"auto, (max-width: 1428px) 100vw, 1428px\" \/><figcaption class=\"wp-element-caption\">Innenhof<\/figcaption><\/figure>\n\n\n\n<figure class=\"wp-block-image size-full\"><img loading=\"lazy\" decoding=\"async\" width=\"1425\" height=\"948\" data-id=\"784\" src=\"https:\/\/www.hospiz-solingen.de\/wpn\/wp-content\/uploads\/2018\/09\/Foyer.jpg\" alt=\"\" class=\"wp-image-784\" srcset=\"https:\/\/www.hospiz-solingen.de\/wpn\/wp-content\/uploads\/2018\/09\/Foyer.jpg 1425w, https:\/\/www.hospiz-solingen.de\/wpn\/wp-content\/uploads\/2018\/09\/Foyer-300x200.jpg 300w, https:\/\/www.hospiz-solingen.de\/wpn\/wp-content\/uploads\/2018\/09\/Foyer-768x511.jpg 768w, https:\/\/www.hospiz-solingen.de\/wpn\/wp-content\/uploads\/2018\/09\/Foyer-1024x681.jpg 1024w\" sizes=\"auto, (max-width: 1425px) 100vw, 1425px\" \/><figcaption class=\"wp-element-caption\">Foyer<\/figcaption><\/figure>\n\n\n\n<figure class=\"wp-block-image size-full\"><img loading=\"lazy\" decoding=\"async\" width=\"1427\" height=\"949\" data-id=\"783\" src=\"https:\/\/www.hospiz-solingen.de\/wpn\/wp-content\/uploads\/2018\/09\/Flur.jpg\" alt=\"\" class=\"wp-image-783\" srcset=\"https:\/\/www.hospiz-solingen.de\/wpn\/wp-content\/uploads\/2018\/09\/Flur.jpg 1427w, https:\/\/www.hospiz-solingen.de\/wpn\/wp-content\/uploads\/2018\/09\/Flur-300x200.jpg 300w, https:\/\/www.hospiz-solingen.de\/wpn\/wp-content\/uploads\/2018\/09\/Flur-768x511.jpg 768w, https:\/\/www.hospiz-solingen.de\/wpn\/wp-content\/uploads\/2018\/09\/Flur-1024x681.jpg 1024w\" sizes=\"auto, (max-width: 1427px) 100vw, 1427px\" \/><figcaption class=\"wp-element-caption\">Flur<\/figcaption><\/figure>\n\n\n\n<figure class=\"wp-block-image size-full\"><img loading=\"lazy\" decoding=\"async\" width=\"1428\" height=\"949\" data-id=\"789\" src=\"https:\/\/www.hospiz-solingen.de\/wpn\/wp-content\/uploads\/2018\/09\/Zimmer.jpg\" alt=\"\" class=\"wp-image-789\" srcset=\"https:\/\/www.hospiz-solingen.de\/wpn\/wp-content\/uploads\/2018\/09\/Zimmer.jpg 1428w, https:\/\/www.hospiz-solingen.de\/wpn\/wp-content\/uploads\/2018\/09\/Zimmer-300x199.jpg 300w, https:\/\/www.hospiz-solingen.de\/wpn\/wp-content\/uploads\/2018\/09\/Zimmer-768x510.jpg 768w, https:\/\/www.hospiz-solingen.de\/wpn\/wp-content\/uploads\/2018\/09\/Zimmer-1024x681.jpg 1024w\" sizes=\"auto, (max-width: 1428px) 100vw, 1428px\" \/><figcaption class=\"wp-element-caption\">Zimmer<\/figcaption><\/figure>\n\n\n\n<figure class=\"wp-block-image size-full\"><img loading=\"lazy\" decoding=\"async\" width=\"1424\" height=\"950\" data-id=\"788\" src=\"https:\/\/www.hospiz-solingen.de\/wpn\/wp-content\/uploads\/2018\/09\/Pflegebad.jpg\" alt=\"\" class=\"wp-image-788\" srcset=\"https:\/\/www.hospiz-solingen.de\/wpn\/wp-content\/uploads\/2018\/09\/Pflegebad.jpg 1424w, https:\/\/www.hospiz-solingen.de\/wpn\/wp-content\/uploads\/2018\/09\/Pflegebad-300x200.jpg 300w, https:\/\/www.hospiz-solingen.de\/wpn\/wp-content\/uploads\/2018\/09\/Pflegebad-768x512.jpg 768w, https:\/\/www.hospiz-solingen.de\/wpn\/wp-content\/uploads\/2018\/09\/Pflegebad-1024x683.jpg 1024w\" sizes=\"auto, (max-width: 1424px) 100vw, 1424px\" \/><figcaption class=\"wp-element-caption\">Pflegebad<\/figcaption><\/figure>\n\n\n\n<figure class=\"wp-block-image size-full\"><img loading=\"lazy\" decoding=\"async\" width=\"1427\" height=\"953\" data-id=\"787\" src=\"https:\/\/www.hospiz-solingen.de\/wpn\/wp-content\/uploads\/2018\/09\/Wohnzimmer.jpg\" alt=\"\" class=\"wp-image-787\" srcset=\"https:\/\/www.hospiz-solingen.de\/wpn\/wp-content\/uploads\/2018\/09\/Wohnzimmer.jpg 1427w, https:\/\/www.hospiz-solingen.de\/wpn\/wp-content\/uploads\/2018\/09\/Wohnzimmer-300x200.jpg 300w, https:\/\/www.hospiz-solingen.de\/wpn\/wp-content\/uploads\/2018\/09\/Wohnzimmer-768x513.jpg 768w, https:\/\/www.hospiz-solingen.de\/wpn\/wp-content\/uploads\/2018\/09\/Wohnzimmer-1024x684.jpg 1024w\" sizes=\"auto, (max-width: 1427px) 100vw, 1427px\" \/><figcaption class=\"wp-element-caption\">Wohnzimmer<\/figcaption><\/figure>\n\n\n\n<figure class=\"wp-block-image size-full\"><img loading=\"lazy\" decoding=\"async\" width=\"1137\" height=\"727\" data-id=\"760\" src=\"https:\/\/www.hospiz-solingen.de\/wpn\/wp-content\/uploads\/2018\/05\/Foyer_neu-e1558945242778.jpg\" alt=\"\" class=\"wp-image-760\"\/><figcaption class=\"wp-element-caption\">Empfang<\/figcaption><\/figure>\n<\/figure>\n<\/div>\n\n\n\n<p><\/p>\n\n\n\n<p>f\u00fcr Menschen in der letzten Lebensphase. Bei uns werden Menschen mit nicht heilbaren und fortschreitenden Erkrankungen aufgenommen, die aus famili\u00e4ren, pers\u00f6nlichen oder medizinischen Gr\u00fcnden eine station\u00e4re Versorgung ben\u00f6tigen.<br>Rund um die Uhr sind examinierte Pflegefachkr\u00e4fte f\u00fcr unsere G\u00e4ste da.<br>Im Hospiz engagieren sich ehrenamtliche Begleiterinnen und Begleiter des Hospizdienstes.<\/p>\n\n\n\n<p>Unseren G\u00e4sten stehen 10 Einzelzimmer zur Verf\u00fcgung, in denen auch deren Angeh\u00f6rige nach R\u00fccksprache mit der Pflegedienstleitung, \u00fcbernachten k\u00f6nnen.<br>Unsere Angebote psychosozialer und seelsorgerischer Begleitung k\u00f6nnen sowohl von den G\u00e4sten als auch ihren Angeh\u00f6rigen in Anspruch genommen werden. Die medizinische Versorgung wird weiter durch den Hausarzt und\/oder einen qualifizierten Palliativmediziner sichergestellt.<\/p>\n\n\n\n<p>Die Notwendigkeit der station\u00e4ren Hospizversorgung muss \u00e4rztlich best\u00e4tigt werden. Es besteht ein Versorgungvertrag mit den gesetzlichen Kranken- und Pflegekassen. Es f\u00e4llt f\u00fcr gesetzlich Versicherte kein Eigenanteil an. Privatkassen \u00fcbernehmen in der Regel im Rahmen eines Kulanzverfahrens die Kosten der Hospizversorgung. 5% des Tagessatzes \u00fcbernimmt der Tr\u00e4ger des Hospizes, der Solinger Hospizverein PHoS. Er finanziert diesen Anteil, den jedes Hospiz leisten muss, mit Spenden und Mitgliedsbeitr\u00e4gen.<\/p>\n\n\n\n<p>F\u00fcr Anfragen:<br>Tel.: 0212-547 2700<\/p>\n\n\n\n<p>Empfang&nbsp;Hospiz:<br>Tel. 0212-645 211 -0<\/p>\n\n\n\n<figure class=\"wp-block-image alignleft size-large is-resized\"><a href=\"https:\/\/www.hospiz-solingen.de\/wpn\/wp-content\/uploads\/2022\/02\/Doehring_zivil_2-scaled.jpg\"><img loading=\"lazy\" decoding=\"async\" width=\"683\" height=\"1024\" src=\"https:\/\/www.hospiz-solingen.de\/wpn\/wp-content\/uploads\/2022\/02\/Doehring_zivil_2-683x1024.jpg\" alt=\"\" class=\"wp-image-1108\" style=\"width:194px;height:auto\" srcset=\"https:\/\/www.hospiz-solingen.de\/wpn\/wp-content\/uploads\/2022\/02\/Doehring_zivil_2-683x1024.jpg 683w, https:\/\/www.hospiz-solingen.de\/wpn\/wp-content\/uploads\/2022\/02\/Doehring_zivil_2-200x300.jpg 200w, https:\/\/www.hospiz-solingen.de\/wpn\/wp-content\/uploads\/2022\/02\/Doehring_zivil_2-768x1152.jpg 768w, https:\/\/www.hospiz-solingen.de\/wpn\/wp-content\/uploads\/2022\/02\/Doehring_zivil_2-1024x1536.jpg 1024w, https:\/\/www.hospiz-solingen.de\/wpn\/wp-content\/uploads\/2022\/02\/Doehring_zivil_2-1365x2048.jpg 1365w, https:\/\/www.hospiz-solingen.de\/wpn\/wp-content\/uploads\/2022\/02\/Doehring_zivil_2-scaled.jpg 1707w\" sizes=\"auto, (max-width: 683px) 100vw, 683px\" \/><\/a><figcaption class=\"wp-element-caption\">Pflegedienstleitung (PDL)<br>Sandra D\u00f6hring<\/figcaption><\/figure>\n\n\n\n<p>Telefon B\u00fcro PDL: 0212-645 211-23<br>Fax B\u00fcro PDL:        0212-645 211-26<br>Email: pflegedienstleitung@hospiz-solingen.de<\/p>\n\n\n\n<p><\/p>\n\n\n\n<figure class=\"wp-block-image aligncenter size-large is-resized\"><a href=\"https:\/\/www.hospiz-solingen.de\/wpn\/wp-content\/uploads\/2025\/03\/Gruppen-Bild_PFK_HWS_2025_01.jpg\"><img loading=\"lazy\" decoding=\"async\" width=\"1024\" height=\"724\" src=\"https:\/\/www.hospiz-solingen.de\/wpn\/wp-content\/uploads\/2025\/03\/Gruppen-Bild_PFK_HWS_2025_01-1024x724.jpg\" alt=\"\" class=\"wp-image-1309\" style=\"width:628px;height:auto\" srcset=\"https:\/\/www.hospiz-solingen.de\/wpn\/wp-content\/uploads\/2025\/03\/Gruppen-Bild_PFK_HWS_2025_01-1024x724.jpg 1024w, https:\/\/www.hospiz-solingen.de\/wpn\/wp-content\/uploads\/2025\/03\/Gruppen-Bild_PFK_HWS_2025_01-300x212.jpg 300w, https:\/\/www.hospiz-solingen.de\/wpn\/wp-content\/uploads\/2025\/03\/Gruppen-Bild_PFK_HWS_2025_01-768x543.jpg 768w, https:\/\/www.hospiz-solingen.de\/wpn\/wp-content\/uploads\/2025\/03\/Gruppen-Bild_PFK_HWS_2025_01-1536x1086.jpg 1536w, https:\/\/www.hospiz-solingen.de\/wpn\/wp-content\/uploads\/2025\/03\/Gruppen-Bild_PFK_HWS_2025_01.jpg 1754w\" sizes=\"auto, (max-width: 1024px) 100vw, 1024px\" \/><\/a><figcaption class=\"wp-element-caption\">PflegemitarbeiterInnen und Hauswirtschaft<\/figcaption><\/figure>\n\n\n\n<p><\/p>\n\n\n\n<figure class=\"wp-block-image alignleft is-resized\"><a href=\"https:\/\/www.hospiz-solingen.de\/wpn\/wp-content\/uploads\/2018\/10\/Lageplan.jpg\"><img loading=\"lazy\" decoding=\"async\" width=\"300\" height=\"287\" src=\"https:\/\/www.hospiz-solingen.de\/wpn\/wp-content\/uploads\/2018\/10\/Lageplan-300x287.jpg\" alt=\"\" class=\"wp-image-813\"\/><\/a><figcaption class=\"wp-element-caption\">Station\u00e4res Hospiz Solingen &#8211; Gotenstr. 3 &#8211;  42653 Solingen<\/figcaption><\/figure>\n\n\n\n<figure class=\"wp-block-image alignright size-large is-resized\"><img loading=\"lazy\" decoding=\"async\" width=\"726\" height=\"489\" src=\"https:\/\/www.hospiz-solingen.de\/wpn\/wp-content\/uploads\/2020\/09\/Lage_Hospiz_neu.jpg\" alt=\"\" class=\"wp-image-996\" style=\"width:417px;height:auto\" srcset=\"https:\/\/www.hospiz-solingen.de\/wpn\/wp-content\/uploads\/2020\/09\/Lage_Hospiz_neu.jpg 726w, https:\/\/www.hospiz-solingen.de\/wpn\/wp-content\/uploads\/2020\/09\/Lage_Hospiz_neu-300x202.jpg 300w\" sizes=\"auto, (max-width: 726px) 100vw, 726px\" \/><\/figure>\n","protected":false},"excerpt":{"rendered":"<p>Hospizfilm der StudentInnen Marla Kirchner und Henning Kopp Hier gibt es einen virtuellen Rundgang durchs Hospiz: Video<\/p>\n","protected":false},"author":1,"featured_media":882,"parent":0,"menu_order":0,"comment_status":"closed","ping_status":"closed","template":"","meta":{"footnotes":""},"class_list":["post-164","page","type-page","status-publish","has-post-thumbnail","hentry"],"_links":{"self":[{"href":"https:\/\/www.hospiz-solingen.de\/wpn\/wp-json\/wp\/v2\/pages\/164","targetHints":{"allow":["GET"]}}],"collection":[{"href":"https:\/\/www.hospiz-solingen.de\/wpn\/wp-json\/wp\/v2\/pages"}],"about":[{"href":"https:\/\/www.hospiz-solingen.de\/wpn\/wp-json\/wp\/v2\/types\/page"}],"author":[{"embeddable":true,"href":"https:\/\/www.hospiz-solingen.de\/wpn\/wp-json\/wp\/v2\/users\/1"}],"replies":[{"embeddable":true,"href":"https:\/\/www.hospiz-solingen.de\/wpn\/wp-json\/wp\/v2\/comments?post=164"}],"version-history":[{"count":85,"href":"https:\/\/www.hospiz-solingen.de\/wpn\/wp-json\/wp\/v2\/pages\/164\/revisions"}],"predecessor-version":[{"id":1310,"href":"https:\/\/www.hospiz-solingen.de\/wpn\/wp-json\/wp\/v2\/pages\/164\/revisions\/1310"}],"wp:featuredmedia":[{"embeddable":true,"href":"https:\/\/www.hospiz-solingen.de\/wpn\/wp-json\/wp\/v2\/media\/882"}],"wp:attachment":[{"href":"https:\/\/www.hospiz-solingen.de\/wpn\/wp-json\/wp\/v2\/media?parent=164"}],"curies":[{"name":"wp","href":"https:\/\/api.w.org\/{rel}","templated":true}]}}