{"id":159,"date":"2014-11-18T22:01:56","date_gmt":"2014-11-18T21:01:56","guid":{"rendered":"http:\/\/www.hospiz-solingen.de\/wpn\/?page_id=159"},"modified":"2024-05-02T10:17:51","modified_gmt":"2024-05-02T08:17:51","slug":"ambulantes-hospiz","status":"publish","type":"page","link":"https:\/\/www.hospiz-solingen.de\/wpn\/ambulantes-hospiz\/","title":{"rendered":"Ambulanter Hospizdienst"},"content":{"rendered":"<p style=\"text-align: left;\">Wir sehen es als unsere Aufgabe an, dass schwerkranke und sterbende Menschen in ihren<!--more--> letzten Wochen und Tagen\u00a0so viel Leben wie m\u00f6glich erfahren k\u00f6nnen und Angeh\u00f6rige alle Hilfe bekommen, die sie brauchen.<\/p>\n<p>Qualifizierte Ehrenamtliche unterst\u00fctzen Sie:<\/p>\n<ul>\n<li>durch Gespr\u00e4che,<\/li>\n<li>durch Pr\u00e4senz am Krankenbett,<\/li>\n<li>indem Sie kleinere Besorgungen f\u00fcr Sie erledigen,<\/li>\n<li>vorlesen und vieles andere mehr.<\/li>\n<\/ul>\n<p>Neben der ambulanten Begleitung zu Hause stehen wir Ihnen auch als Beratungs-, Kontakt- und Vermittlungsstelle zur Seite.<\/p>\n<p><strong>Unser Angebot f\u00fcr Sie<\/strong>:<br \/>Wir<\/p>\n<ul>\n<li>begleiten zu Hause durch Ehrenamtliche,<\/li>\n<li>begleiten auch in Einrichtungen der Alten- und Behindertenhilfe,<\/li>\n<li>begleiten bei Abschiednahme in Kliniken und Bestattungsh\u00e4usern,<\/li>\n<li>bieten Palliativberatung durch professionelle Fachkr\u00e4fte,<\/li>\n<li>stehen f\u00fcr ethische Beratung und Fallbesprechung zur Verf\u00fcgung,<\/li>\n<li>beraten b\u00fcrgerschaftlich zu Patientenverf\u00fcgung, Vorsorgevollmacht und Betreuungsverf\u00fcgung,<\/li>\n<li>bieten Fortbildungen und Seminare zu den Themen Sterben, Tod und Trauer an,<\/li>\n<li>sind Kooperationspartner in der spezialisierten ambulanten Palliativversorgung (SAPV), somit des Palliativ Teams Solingen,<\/li>\n<li>sind Mitkoordinatoren des Palliativnetzwerkes Solingen,<\/li>\n<li>sind Ansprechpartner f\u00fcr das station\u00e4re Hospiz.<\/li>\n<\/ul>\n<p>AnsprechpartnerInnen, wenn Sie sich engagieren wollen und wenn Sie Unterst\u00fctzung suchen, sind:<\/p>\n<figure id=\"attachment_1191\" aria-describedby=\"caption-attachment-1191\" style=\"width: 93px\" class=\"wp-caption alignleft\"><a href=\"https:\/\/www.hospiz-solingen.de\/wpn\/wp-content\/uploads\/2023\/05\/Kern2-scaled.jpg\"><img loading=\"lazy\" decoding=\"async\" class=\" wp-image-1191\" src=\"https:\/\/www.hospiz-solingen.de\/wpn\/wp-content\/uploads\/2023\/05\/Kern2-200x300.jpg\" alt=\"\" width=\"93\" height=\"140\" srcset=\"https:\/\/www.hospiz-solingen.de\/wpn\/wp-content\/uploads\/2023\/05\/Kern2-200x300.jpg 200w, https:\/\/www.hospiz-solingen.de\/wpn\/wp-content\/uploads\/2023\/05\/Kern2-683x1024.jpg 683w, https:\/\/www.hospiz-solingen.de\/wpn\/wp-content\/uploads\/2023\/05\/Kern2-768x1152.jpg 768w, https:\/\/www.hospiz-solingen.de\/wpn\/wp-content\/uploads\/2023\/05\/Kern2-1024x1536.jpg 1024w, https:\/\/www.hospiz-solingen.de\/wpn\/wp-content\/uploads\/2023\/05\/Kern2-1365x2048.jpg 1365w, https:\/\/www.hospiz-solingen.de\/wpn\/wp-content\/uploads\/2023\/05\/Kern2-scaled.jpg 1707w\" sizes=\"auto, (max-width: 93px) 100vw, 93px\" \/><\/a><figcaption id=\"caption-attachment-1191\" class=\"wp-caption-text\">Susanne Kern<\/figcaption><\/figure>\n<p><strong>\u00a0Susanne Kern<\/strong>, Diplompsychologin, Gesundheits- und Krankenpflegerin, Palliativfachkraft und<\/p>\n<p>Leitung des Ambulanten Hospiz- und Palliativberatungsdienstes, <a title=\"kern@hospiz-solingen.de\" href=\"mailto:kern@hospiz-solingen.de\" target=\"_blank\" rel=\"noopener noreferrer\">kern@hospiz-solingen.de<\/a><\/p>\n<figure id=\"attachment_1192\" aria-describedby=\"caption-attachment-1192\" style=\"width: 92px\" class=\"wp-caption alignleft\"><a href=\"https:\/\/www.hospiz-solingen.de\/wpn\/wp-content\/uploads\/2023\/05\/Lange2-scaled.jpg\"><img loading=\"lazy\" decoding=\"async\" class=\" wp-image-1192\" src=\"https:\/\/www.hospiz-solingen.de\/wpn\/wp-content\/uploads\/2023\/05\/Lange2-200x300.jpg\" alt=\"\" width=\"92\" height=\"138\" srcset=\"https:\/\/www.hospiz-solingen.de\/wpn\/wp-content\/uploads\/2023\/05\/Lange2-200x300.jpg 200w, https:\/\/www.hospiz-solingen.de\/wpn\/wp-content\/uploads\/2023\/05\/Lange2-683x1024.jpg 683w, https:\/\/www.hospiz-solingen.de\/wpn\/wp-content\/uploads\/2023\/05\/Lange2-768x1152.jpg 768w, https:\/\/www.hospiz-solingen.de\/wpn\/wp-content\/uploads\/2023\/05\/Lange2-1024x1536.jpg 1024w, https:\/\/www.hospiz-solingen.de\/wpn\/wp-content\/uploads\/2023\/05\/Lange2-1365x2048.jpg 1365w, https:\/\/www.hospiz-solingen.de\/wpn\/wp-content\/uploads\/2023\/05\/Lange2-scaled.jpg 1707w\" sizes=\"auto, (max-width: 92px) 100vw, 92px\" \/><\/a><figcaption id=\"caption-attachment-1192\" class=\"wp-caption-text\">Jutta Lange<\/figcaption><\/figure>\n<p><strong>\u00a0Jutta Lange<\/strong>, Gesundheits- und Krankenpflegerin, Palliativfachkraft, systemische<\/p>\n<p>Familientrauerbegleitung, <a href=\"mailto:lange@hospiz-solingen.de\">lange@hospiz-solingen.de<\/a><\/p>\n<figure id=\"attachment_1193\" aria-describedby=\"caption-attachment-1193\" style=\"width: 96px\" class=\"wp-caption alignleft\"><a href=\"https:\/\/www.hospiz-solingen.de\/wpn\/wp-content\/uploads\/2023\/05\/Wienands4-scaled.jpg\"><img loading=\"lazy\" decoding=\"async\" class=\" wp-image-1193\" src=\"https:\/\/www.hospiz-solingen.de\/wpn\/wp-content\/uploads\/2023\/05\/Wienands4-200x300.jpg\" alt=\"\" width=\"96\" height=\"144\" srcset=\"https:\/\/www.hospiz-solingen.de\/wpn\/wp-content\/uploads\/2023\/05\/Wienands4-200x300.jpg 200w, https:\/\/www.hospiz-solingen.de\/wpn\/wp-content\/uploads\/2023\/05\/Wienands4-683x1024.jpg 683w, https:\/\/www.hospiz-solingen.de\/wpn\/wp-content\/uploads\/2023\/05\/Wienands4-768x1152.jpg 768w, https:\/\/www.hospiz-solingen.de\/wpn\/wp-content\/uploads\/2023\/05\/Wienands4-1024x1536.jpg 1024w, https:\/\/www.hospiz-solingen.de\/wpn\/wp-content\/uploads\/2023\/05\/Wienands4-1365x2048.jpg 1365w, https:\/\/www.hospiz-solingen.de\/wpn\/wp-content\/uploads\/2023\/05\/Wienands4-scaled.jpg 1707w\" sizes=\"auto, (max-width: 96px) 100vw, 96px\" \/><\/a><figcaption id=\"caption-attachment-1193\" class=\"wp-caption-text\">Sylvia Wienands<\/figcaption><\/figure>\n<p><strong>\u00a0Sylvia Wienands<\/strong>, Gesundheits- und Krankenpflegerin, Palliativfachkraft, Kursleitung Palliative<\/p>\n<p>Care &amp; Palliative Praxis, <a title=\"wienands@hospiz-solingen.de\" href=\"mailto:wienands@hospiz-solingen.de\" target=\"_blank\" rel=\"noopener noreferrer\">wienands@hospiz-solingen.de<\/a><\/p>\n<p>\u00a0<\/p>\n<p>\u00a0<\/p>\n<p>Sie erreichen uns unter:<br \/>Telefon: 0212-547-2700<br \/>Fax: 0212-547-2711<br \/>E-Mail: <a title=\"ambulant@hospiz-solingen.de\" href=\"mailto:ambulant@hospiz-solingen.de\" target=\"_blank\" rel=\"noopener noreferrer\">ambulant@hospiz-solingen.de<\/a><\/p>\n<figure id=\"attachment_1258\" aria-describedby=\"caption-attachment-1258\" style=\"width: 96px\" class=\"wp-caption alignleft\"><a href=\"https:\/\/www.hospiz-solingen.de\/wpn\/wp-content\/uploads\/2024\/05\/Beier_2024-1-scaled.jpg\"><img loading=\"lazy\" decoding=\"async\" class=\"wp-image-1258\" src=\"https:\/\/www.hospiz-solingen.de\/wpn\/wp-content\/uploads\/2024\/05\/Beier_2024-1-200x300.jpg\" alt=\"\" width=\"96\" height=\"144\" srcset=\"https:\/\/www.hospiz-solingen.de\/wpn\/wp-content\/uploads\/2024\/05\/Beier_2024-1-200x300.jpg 200w, https:\/\/www.hospiz-solingen.de\/wpn\/wp-content\/uploads\/2024\/05\/Beier_2024-1-683x1024.jpg 683w, https:\/\/www.hospiz-solingen.de\/wpn\/wp-content\/uploads\/2024\/05\/Beier_2024-1-768x1152.jpg 768w, https:\/\/www.hospiz-solingen.de\/wpn\/wp-content\/uploads\/2024\/05\/Beier_2024-1-1024x1536.jpg 1024w, https:\/\/www.hospiz-solingen.de\/wpn\/wp-content\/uploads\/2024\/05\/Beier_2024-1-1366x2048.jpg 1366w, https:\/\/www.hospiz-solingen.de\/wpn\/wp-content\/uploads\/2024\/05\/Beier_2024-1-scaled.jpg 1707w\" sizes=\"auto, (max-width: 96px) 100vw, 96px\" \/><\/a><figcaption id=\"caption-attachment-1258\" class=\"wp-caption-text\">Nadine Beier<\/figcaption><\/figure>\n<p><strong>Nadine Beier<\/strong>, Verwaltung Gesch\u00e4ftsstelle, Tel. 0212-547 2789, <a title=\"wienands@hospiz-solingen.de\" href=\"mailto:beier@hospiz-solingen.de\" target=\"_blank\" rel=\"noopener noreferrer\">beier@hospiz-solingen.de<\/a><\/p>\n<p>\u00a0<\/p>\n<p>\u00a0<\/p>\n<p>Wir sind ein nach SGB V \u00a739a gef\u00f6rderter Hospizdienst. Wir sind auf Spenden angewiesen. Durch eine Mitgliedschaft in unserem Hospizverein unterst\u00fctzen Sie uns nachhaltig.<\/p>\n","protected":false},"excerpt":{"rendered":"<p>Wir sehen es als unsere Aufgabe an, dass schwerkranke und sterbende Menschen in ihren<\/p>\n","protected":false},"author":1,"featured_media":678,"parent":0,"menu_order":0,"comment_status":"closed","ping_status":"closed","template":"","meta":{"footnotes":""},"class_list":["post-159","page","type-page","status-publish","has-post-thumbnail","hentry"],"_links":{"self":[{"href":"https:\/\/www.hospiz-solingen.de\/wpn\/wp-json\/wp\/v2\/pages\/159","targetHints":{"allow":["GET"]}}],"collection":[{"href":"https:\/\/www.hospiz-solingen.de\/wpn\/wp-json\/wp\/v2\/pages"}],"about":[{"href":"https:\/\/www.hospiz-solingen.de\/wpn\/wp-json\/wp\/v2\/types\/page"}],"author":[{"embeddable":true,"href":"https:\/\/www.hospiz-solingen.de\/wpn\/wp-json\/wp\/v2\/users\/1"}],"replies":[{"embeddable":true,"href":"https:\/\/www.hospiz-solingen.de\/wpn\/wp-json\/wp\/v2\/comments?post=159"}],"version-history":[{"count":35,"href":"https:\/\/www.hospiz-solingen.de\/wpn\/wp-json\/wp\/v2\/pages\/159\/revisions"}],"predecessor-version":[{"id":1266,"href":"https:\/\/www.hospiz-solingen.de\/wpn\/wp-json\/wp\/v2\/pages\/159\/revisions\/1266"}],"wp:featuredmedia":[{"embeddable":true,"href":"https:\/\/www.hospiz-solingen.de\/wpn\/wp-json\/wp\/v2\/media\/678"}],"wp:attachment":[{"href":"https:\/\/www.hospiz-solingen.de\/wpn\/wp-json\/wp\/v2\/media?parent=159"}],"curies":[{"name":"wp","href":"https:\/\/api.w.org\/{rel}","templated":true}]}}