{"id":148,"date":"2014-11-18T21:58:00","date_gmt":"2014-11-18T20:58:00","guid":{"rendered":"http:\/\/www.hospiz-solingen.de\/wpn\/?page_id=148"},"modified":"2018-09-13T11:04:13","modified_gmt":"2018-09-13T09:04:13","slug":"hospiz","status":"publish","type":"page","link":"https:\/\/www.hospiz-solingen.de\/wpn\/hospiz\/","title":{"rendered":"Hospiz"},"content":{"rendered":"<p>Das <strong>Palliative Hospiz Solingen e.V.<\/strong>\u00a0begleitet schwerkranke und sterbende Menschen und ihre Angeh\u00f6rigen, wenn die M\u00f6glichkeiten der Heilung an ihre Grenzen gekommen sind.<\/p>\n<p>&nbsp;<\/p>\n<p>Der <strong>Ambulante Hospizdienst<\/strong> hat das Ziel, Menschen\u00a0in Solingen durch qualifizierte Ehrenamtliche zu unterst\u00fctzen. Der Palliativberatungsdienst erg\u00e4nzt dieses Angebot durch fachliche Beratung bei Ihnen zu Hause.\u00a0<a title=\"Ambulanter Hospizdienst\" href=\"https:\/\/www.hospiz-solingen.de\/wpn\/ambulantes-hospiz\/\">mehr\u00a0&gt;<\/a><\/p>\n<p>&nbsp;<\/p>\n<p>Das <strong>Station\u00e4res Hospiz<\/strong>\u00a0am Botanischen Garten ist eine Pflegeeinrichtung f\u00fcr Menschen in der letzten Lebenszeit, deren Versorgung zu Hause nicht ausreichend zu gew\u00e4hrleisten ist. Der Tr\u00e4ger des Station\u00e4ren Palliativen Hospizes ist der PHoS e.V.\u00a0<a title=\"Station\u00e4res Hospiz\" href=\"https:\/\/www.hospiz-solingen.de\/wpn\/stationaeres-hospiz-2\/\">mehr\u00a0&gt;<\/a><\/p>\n<p>&nbsp;<\/p>\n","protected":false},"excerpt":{"rendered":"<p>Das Palliative Hospiz Solingen e.V.\u00a0begleitet schwerkranke und sterbende Menschen und ihre Angeh\u00f6rigen, wenn die M\u00f6glichkeiten der Heilung an ihre Grenzen gekommen sind. &nbsp; Der Ambulante Hospizdienst hat das Ziel, Menschen\u00a0in Solingen durch qualifizierte Ehrenamtliche zu unterst\u00fctzen. Der Palliativberatungsdienst erg\u00e4nzt dieses<\/p>\n","protected":false},"author":1,"featured_media":0,"parent":0,"menu_order":0,"comment_status":"closed","ping_status":"closed","template":"","meta":{"footnotes":""},"class_list":["post-148","page","type-page","status-publish","hentry"],"_links":{"self":[{"href":"https:\/\/www.hospiz-solingen.de\/wpn\/wp-json\/wp\/v2\/pages\/148","targetHints":{"allow":["GET"]}}],"collection":[{"href":"https:\/\/www.hospiz-solingen.de\/wpn\/wp-json\/wp\/v2\/pages"}],"about":[{"href":"https:\/\/www.hospiz-solingen.de\/wpn\/wp-json\/wp\/v2\/types\/page"}],"author":[{"embeddable":true,"href":"https:\/\/www.hospiz-solingen.de\/wpn\/wp-json\/wp\/v2\/users\/1"}],"replies":[{"embeddable":true,"href":"https:\/\/www.hospiz-solingen.de\/wpn\/wp-json\/wp\/v2\/comments?post=148"}],"version-history":[{"count":7,"href":"https:\/\/www.hospiz-solingen.de\/wpn\/wp-json\/wp\/v2\/pages\/148\/revisions"}],"predecessor-version":[{"id":782,"href":"https:\/\/www.hospiz-solingen.de\/wpn\/wp-json\/wp\/v2\/pages\/148\/revisions\/782"}],"wp:attachment":[{"href":"https:\/\/www.hospiz-solingen.de\/wpn\/wp-json\/wp\/v2\/media?parent=148"}],"curies":[{"name":"wp","href":"https:\/\/api.w.org\/{rel}","templated":true}]}}