{"id":1383,"date":"2026-03-12T08:58:47","date_gmt":"2026-03-12T07:58:47","guid":{"rendered":"https:\/\/www.hospiz-solingen.de\/wpn\/?page_id=1383"},"modified":"2026-03-12T15:08:31","modified_gmt":"2026-03-12T14:08:31","slug":"datenschutzerklaerung","status":"publish","type":"page","link":"https:\/\/www.hospiz-solingen.de\/wpn\/datenschutzerklaerung\/","title":{"rendered":"Datenschutzerkl\u00e4rung"},"content":{"rendered":"<p>Datenschutzerkl\u00e4rung nach DS-GVO<br \/>\nF\u00fcr die Webpage<\/p>\n<p>Die Pflicht zur Bereitstellung von \u201eDatenschutzhinweisen\u201c folgt aus den Art. 12 bis 14 DSGVO sowie aus \u00a7 13 Abs. 1 Telemediengesetz (TMG). Die Hinweise sind f\u00fcr jeden weiteren oder jeden fortfallenden Verarbeitungsvorgang anzupassen, also f\u00fcr jedes Social-Media-Plugin (z. B. Facebook-Button), f\u00fcr jeden Besuchstracker etc. Das Gesetz l\u00e4sst bei der Ausgestaltung der Hinweise durchaus Spielr\u00e4ume, die genutzt werden k\u00f6nnen, und sei es, um zus\u00e4tzlich herauszustellen, wie man \u2013 zusammen mit einem guten Webpage-Experten \u2013 in besonderer Weise f\u00fcr technischen Schutz sorgt. Das vorliegende Beispiel orientiert sich an einem vom Deutschen Anwaltverein (DAV) herausgegebenen Muster, das Sie unter https:\/\/anwaltsblatt.anwaltverein.de\/files\/anwaltsblatt.de\/anwaltsblatt-online\/2018-196.pdf finden. Sie m\u00fcssen allerdings stets pr\u00fcfen, ob das auch zu Ihrer Situation und Webpage passt oder ob im Hinblick auf spezielle Webpage-Elemente Erg\u00e4nzungen erforderlich sind.<\/p>\n<p>I. Allgemeines<br \/>\n1. Name und Kontaktdaten des f\u00fcr die Verarbeitung Verantwortlichen<br \/>\nsowie des betrieblichen Datenschutzbeauftragten<br \/>\nVerantwortlicher: Palliatives Hospiz Solingen e.V. (im Folgenden: Hospiz),<br \/>\nStra\u00dfe Gotenstr. 1, 42653 Solingen, Deutschland; vertreten durch Cordula Scheffels (Vorstandsvorsitzende)<br \/>\nE-Mail: scheffels@hospiz-solingen.de<br \/>\nTelefon: 0212 547 2789<br \/>\nTelefax: 0212 547 2711<br \/>\nUnser\/e betriebliche\/r Datenschutzbeauftragte\/r:<br \/>\nFrau Nadine Beier<br \/>\nDer Datenschutzbeauftragte ist unter der o. g. Anschrift, zu Hd. von Frau Beier,<br \/>\nbzw. \u00fcber beier@hospiz-solingen.de erreichbar.<\/p>\n<p>2. Erhebung und Speicherung personenbezogener Daten sowie<br \/>\nArt und Zweck von deren Verwendung<br \/>\na) Beim Besuch der Website<br \/>\nBeim Aufrufen unserer Website www.hospiz-solingen.de werden durch den auf Ihrem<br \/>\nEndger\u00e4t zum Einsatz kommenden Browser automatisch Informationen an<br \/>\nden Server unserer Website gesendet. Diese Informationen werden tempor\u00e4r<br \/>\nin einem sog. Logfile gespeichert. Folgende Informationen werden dabei ohne<br \/>\nIhr Zutun erfasst und bis zur automatisierten L\u00f6schung gespeichert:<br \/>\n\u2022 IP-Adresse des anfragenden Rechners<br \/>\n\u2022 Datum und Uhrzeit des Zugriffs<br \/>\n\u2022 Name und URL der abgerufenen Datei<br \/>\n\u2022 Website, von der aus der Zugriff erfolgt (Referer-URL)<br \/>\n\u2022 verwendeter Browser und ggf. das Betriebssystem Ihres Rechners sowie der<br \/>\nName Ihres Access-Providers<br \/>\nDie genannten Daten werden durch uns zu folgenden Zwecken verarbeitet:<br \/>\n\u2022 Gew\u00e4hrleistung eines reibungslosen Verbindungsaufbaus der Website<br \/>\n\u2022 Gew\u00e4hrleistung einer komfortablen Nutzung unserer Website<br \/>\n\u2022 Auswertung der Systemsicherheit und -stabilit\u00e4t<br \/>\n\u2022 zu weiteren administrativen Zwecken<br \/>\nDie Rechtsgrundlage f\u00fcr die Datenverarbeitung ist Art. 6 Abs. 1 Satz 1<br \/>\nBuchst. f) DSGVO. Unser berechtigtes Interesse folgt aus oben aufgelisteten<br \/>\nZwecken zur Datenerhebung. In keinem Fall verwenden wir die erhobenen Daten<br \/>\nzu dem Zweck, R\u00fcckschl\u00fcsse auf Ihre Person zu ziehen.<br \/>\nDar\u00fcber hinaus setzen wir beim Besuch unserer Website Cookies sowie Analysedienste ein. N\u00e4here Erl\u00e4uterungen dazu erhalten Sie unter den Ziff. II.1<br \/>\nund 2 dieser Datenschutzerkl\u00e4rung.<br \/>\nb) Bei Anmeldung f\u00fcr unseren Newsletter<br \/>\nSofern Sie nach Art. 6 Abs. 1 Satz 1 Buchst. a) DSGVO ausdr\u00fccklich eingewilligt<br \/>\nhaben, verwenden wir Ihre E-Mail-Adresse daf\u00fcr, Ihnen regelm\u00e4\u00dfig unseren<br \/>\nNewsletter zu \u00fcbersenden. F\u00fcr den Empfang des Newsletters ist die Angabe<br \/>\neiner E-Mail-Adresse ausreichend. Die Abmeldung ist jederzeit m\u00f6glich, z.<br \/>\nB. \u00fcber einen Link am Ende eines jeden Newsletters. Alternativ k\u00f6nnen Sie Ihren<br \/>\nAbmeldewunsch gerne auch jederzeit per E-Mail an info@hospiz-solingen.de senden.<br \/>\nc) Bei Nutzung unseres Kontaktformulars<br \/>\nBei Fragen jeglicher Art bieten wir Ihnen die M\u00f6glichkeit, mit uns \u00fcber ein auf<br \/>\nder Website bereitgestelltes Formular Kontakt aufzunehmen. Dabei ist die Angabe<br \/>\neiner g\u00fcltigen E-Mail-Adresse erforderlich, damit wir wissen, von wem die<br \/>\nAnfrage stammt, und um diese beantworten zu k\u00f6nnen. Weitere Angaben k\u00f6nnen<br \/>\nfreiwillig get\u00e4tigt werden.<br \/>\nDie Datenverarbeitung zum Zwecke der Kontaktaufnahme mit uns erfolgt nach<br \/>\nArt. 6 Abs. 1 Satz 1 Buchst. a) DSGVO auf Grundlage Ihrer freiwillig erteilten<br \/>\nEinwilligung. Die f\u00fcr die Benutzung des Kontaktformulars von uns erhobenen personenbezogenen Daten werden nach Erledigung der von Ihnen gestellten Anfrage automatisch gel\u00f6scht.<\/p>\n<p>3. Weitergabe von Daten<br \/>\nEine \u00dcbermittlung Ihrer pers\u00f6nlichen Daten an Dritte zu anderen als den im<br \/>\nFolgenden aufgef\u00fchrten Zwecken findet nicht statt.<br \/>\nWir geben Ihre pers\u00f6nlichen Daten nur an Dritte weiter, wenn:<br \/>\n\u2022 Sie Ihre nach Art. 6 Abs. 1 Satz 1 Buchst. a) DSGVO ausdr\u00fcckliche Einwilligung<br \/>\ndazu erteilt haben,<br \/>\n\u2022 die Weitergabe nach Art. 6 Abs. 1 Satz 1 Buchst. f) DSGVO zur Geltendmachung,<br \/>\nAus\u00fcbung oder Verteidigung von Rechtsanspr\u00fcchen erforderlich ist und<br \/>\nkein Grund zur Annahme besteht, dass Sie ein \u00fcberwiegendes schutzw\u00fcrdiges<br \/>\nInteresse an der Nichtweitergabe Ihrer Daten haben,<br \/>\n\u2022 f\u00fcr den Fall, dass f\u00fcr die Weitergabe nach Art. 6 Abs. 1 Satz 1 Buchst. c)<br \/>\nDSGVO eine gesetzliche Verpflichtung besteht, sowie<br \/>\n\u2022 dies gesetzlich zul\u00e4ssig und nach Art. 6 Abs. 1 Satz 1 Buchst. b) DSGVO f\u00fcr<br \/>\ndie Abwicklung von Vertragsverh\u00e4ltnissen mit Ihnen erforderlich ist.<\/p>\n<p>II. Spezielle Webpage-Elemente<br \/>\n1. Cookies<br \/>\nWir setzen auf unserer Seite Cookies ein. Hierbei handelt es sich um kleine<br \/>\nDateien, die Ihr Browser automatisch erstellt und die auf Ihrem Endger\u00e4t (Laptop,<br \/>\nTablet, Smartphone o. \u00e4.) gespeichert werden, wenn Sie unsere Seite besuchen.<br \/>\nCookies richten auf Ihrem Endger\u00e4t keinen Schaden an, enthalten<br \/>\nkeine Viren, Trojaner oder sonstige Schadsoftware. In dem Cookie werden Informationen abgelegt, die sich jeweils im Zusammenhang mit dem spezifisch<br \/>\neingesetzten Endger\u00e4t ergeben. Dies bedeutet jedoch nicht, dass wir dadurch<br \/>\nunmittelbar Kenntnis von Ihrer Identit\u00e4t erhalten.<br \/>\nDer Einsatz von Cookies dient einerseits dazu, die Nutzung unseres Angebots<br \/>\nf\u00fcr Sie angenehmer zu gestalten. So setzen wir sogenannte Session-Cookies<br \/>\nein, um zu erkennen, dass Sie einzelne Seiten unserer Website bereits besucht<br \/>\nhaben. Diese werden nach Verlassen unserer Seite automatisch gel\u00f6scht.<br \/>\nDar\u00fcber hinaus setzen wir ebenfalls zur Optimierung der Benutzerfreundlichkeit<br \/>\ntempor\u00e4re Cookies ein, die f\u00fcr einen bestimmten festgelegten Zeitraum<br \/>\nauf Ihrem Endger\u00e4t gespeichert werden. Besuchen Sie unsere Seite erneut,<br \/>\num unsere Dienste in Anspruch zu nehmen, wird automatisch erkannt, dass<br \/>\nSie bereits bei uns waren und welche Eingaben und Einstellungen sie get\u00e4tigt<br \/>\nhaben, um diese nicht noch einmal eingeben zu m\u00fcssen. Zum anderen setzen<br \/>\nwir Cookies ein, um die Nutzung unserer Website statistisch zu erfassen und<br \/>\nzum Zwecke der Optimierung unseres Angebotes f\u00fcr Sie auszuwerten (siehe<br \/>\nZiff. II.2). Diese Cookies erm\u00f6glichen es uns, bei einem erneuten Besuch unserer<br \/>\nSeite automatisch zu erkennen, dass Sie bereits bei uns waren. Diese Cookies<br \/>\nwerden nach einer jeweils definierten Zeit automatisch gel\u00f6scht.<br \/>\nDie durch Cookies verarbeiteten Daten sind f\u00fcr die genannten Zwecke zur<br \/>\nWahrung unserer berechtigten Interessen sowie derer Dritter nach Art. 6 Abs.<br \/>\n1 Satz 1 lit. f DSGVO erforderlich.<br \/>\nDie meisten Browser akzeptieren Cookies automatisch. Sie k\u00f6nnen Ihren<br \/>\nBrowser jedoch so konfigurieren, dass keine Cookies auf Ihrem Computer gespeichert werden oder stets ein Hinweis erscheint, bevor ein neuer Cookie angelegt wird. Die vollst\u00e4ndige Deaktivierung von Cookies kann jedoch dazu f\u00fchren,<br \/>\ndass Sie nicht alle Funktionen unserer Website nutzen k\u00f6nnen.<\/p>\n<p>2. Facebook und Instagram<br \/>\nWir setzen auf unserer Website auf Grundlage des Art. 6 Abs. 1 S. 1 lit. f DSGVO Social Plug-ins des sozialen Netzwerks Facebook ein, um unser Hospiz hier\u00fcber bekannter zu machen. Der dahinterstehende werbliche Zweck ist als berechtigtes Interesse im Sinne der DSGVO anzusehen. Die Verantwortung f\u00fcr den datenschutzkonformen Betrieb ist durch deren jeweiligen Anbieter zu gew\u00e4hrleisten. Die Einbindung dieser Plug-ins durch uns erfolgt im Wege der sogenannten Zwei-Klick-Methode um Besucher unserer Webseite bestm\u00f6glich zu sch\u00fctzen. a) Facebook Auf unserer Website kommen Social-Media Plugins von Facebook zum Einsatz, um deren Nutzung pers\u00f6nlicher zu gestalten. Hierf\u00fcr nutzen wir den \u201eLIKE\u201c oder \u201eTEILEN\u201c-Button. Es handelt sich dabei um ein Angebot von Facebook. Wenn Sie eine Seite unseres Webauftritts aufrufen, die ein solches Plugin enth\u00e4lt, baut Ihr Browser eine direkte Verbindung mit den Servern von Facebook auf. Der Inhalt des Plugins wird von Facebook direkt an Ihren Browser \u00fcbermittelt und von diesem in die Webseite eingebunden. Durch die Einbindung der Plugins erh\u00e4lt Facebook die Information, dass Ihr Browser die entsprechende Seite unseres Webauftritts aufgerufen hat, auch wenn Sie kein FacebookKonto besitzen oder gerade nicht bei Facebook eingeloggt sind. Diese Information (einschlie\u00dflich Ihrer IP-Adresse) wird von Ihrem Browser direkt an einen Server von Facebook in den USA \u00fcbermittelt und dort gespeichert. Sind Sie bei Facebook eingeloggt, kann Facebook den Besuch unserer Website Ihrem Facebook-Konto direkt zuordnen. Wenn Sie mit den Plugins interagieren, zum Beispiel den \u201eLIKE\u201c oder \u201eTEILEN\u201c-Button bet\u00e4tigen, wird die entsprechende Information ebenfalls direkt an einen Server von Facebook \u00fcbermittelt und dort gespeichert. Die Informationen werden zudem auf Facebook ver\u00f6ffentlicht und Ihren Facebook-Freunden angezeigt. Facebook kann diese Informationen zum Zwecke der Werbung, Marktforschung und bedarfsgerechten Gestaltung der Facebook-Seiten benutzen. Hierzu werden von Facebook Nutzungs-, Interessen- und Beziehungsprofile erstellt, z.B. um Ihre Nutzung unserer Website im Hinblick auf die Ihnen bei Facebook eingeblendeten Werbeanzeigen auszuwerten, andere Facebook-Nutzer \u00fcber Ihre Aktivit\u00e4ten auf unserer Website zu informieren und um weitere mit der Nutzung von Facebook verbundene Dienstleistungen zu erbringen. Wenn Sie nicht m\u00f6chten, dass Facebook die \u00fcber unseren Webauftritt gesammelten Daten Ihrem Facebook-Konto zuordnet, m\u00fcssen Sie sich vor Ihrem Besuch unserer Website bei Facebook ausloggen. Zweck und Umfang der Datenerhebung und die weitere Verarbeitung und Nutzung der Daten durch Facebook sowie Ihre diesbez\u00fcglichen Rechte und Einstellungsm\u00f6glichkeiten zum Schutz Ihrer Privatsph\u00e4re entnehmen Sie bitte den Datenschutzhinweisen (https:\/\/www.facebook.com\/about\/privacy\/) von Facebook.<\/p>\n<p>3. Google Web Fonts<br \/>\nDiese Seite nutzt zur einheitlichen Darstellung von Schriftarten so genannte Web Fonts, die von Google bereitgestellt werden. Beim Aufruf einer Seite l\u00e4dt Ihr Browser die ben\u00f6tigten Web Fonts in ihren Browsercache, um Texte und Schriftarten korrekt anzuzeigen.<br \/>\nZu diesem Zweck muss der von Ihnen verwendete Browser Verbindung zu den Servern von Google aufnehmen. Hierdurch erlangt Google Kenntnis dar\u00fcber, dass \u00fcber Ihre IP-Adresse unsere Website aufgerufen wurde. Die Nutzung von Google Web Fonts erfolgt im Interesse einer einheitlichen und ansprechenden Darstellung unserer Online-Angebote. Dies stellt ein berechtigtes Interesse im Sinne von Art. 6 Abs. 1 lit. f DSGVO dar.<br \/>\nWenn Ihr Browser Web Fonts nicht unterst\u00fctzt, wird eine Standardschrift von Ihrem Computer genutzt.<br \/>\nWeitere Informationen zu Google Web Fonts finden Sie unter\u00a0https:\/\/developers.google.com\/fonts\/faq\u00a0und in der Datenschutzerkl\u00e4rung von Google:\u00a0https:\/\/www.google.com\/policies\/privacy\/.<\/p>\n<p>III. Ihre Rechte, Sicherheit der Verarbeitung, Schlussbemerkungen<br \/>\n1. Betroffenenrechte<br \/>\nSie haben das Recht:<br \/>\n\u2022 gem\u00e4\u00df Art. 15 DSGVO Auskunft \u00fcber Ihre von uns verarbeiteten personenbezogenen Daten zu verlangen. Insbesondere k\u00f6nnen Sie Auskunft \u00fcber die Verarbeitungszwecke, die Kategorie der personenbezogenen Daten, die Kategorien von Empf\u00e4ngern, gegen\u00fcber denen Ihre Daten offengelegt wurden oder<br \/>\nwerden, die geplante Speicherdauer, das Bestehen eines Rechts auf Berichtigung,<br \/>\nL\u00f6schung, Einschr\u00e4nkung der Verarbeitung oder Widerspruch, das Bestehen<br \/>\neines Beschwerderechts, die Herkunft ihrer Daten, sofern diese nicht<br \/>\nbei uns erhoben wurden, sowie \u00fcber das Bestehen einer automatisierten Ent-<br \/>\nscheidungsfindung einschlie\u00dflich Profiling und ggf. aussagekr\u00e4ftigen Informationen<br \/>\nzu deren Einzelheiten verlangen;<br \/>\n\u2022 gem\u00e4\u00df Art. 16 DSGVO unverz\u00fcglich die Berichtigung unrichtiger oder Vervollst\u00e4ndigung<br \/>\nIhrer bei uns gespeicherten personenbezogenen Daten zu verlangen;<br \/>\n\u2022 gem\u00e4\u00df Art. 17 DSGVO die L\u00f6schung Ihrer bei uns gespeicherten personenbezogenen Daten zu verlangen, soweit nicht die Verarbeitung zur Aus\u00fcbung des Rechts auf freie Meinungs\u00e4u\u00dferung und Information, zur Erf\u00fcllung einer rechtlichen Verpflichtung, aus Gr\u00fcnden des \u00f6ffentlichen Interesses oder zur<br \/>\nGeltendmachung, Aus\u00fcbung oder Verteidigung von Rechtsanspr\u00fcchen erforderlich<br \/>\nist;<br \/>\n\u2022 gem\u00e4\u00df Art. 18 DSGVO die Einschr\u00e4nkung der Verarbeitung Ihrer personenbezogenen<br \/>\nDaten zu verlangen, soweit die Richtigkeit der Daten von Ihnen<br \/>\nbestritten wird, die Verarbeitung unrechtm\u00e4\u00dfig ist, Sie aber deren L\u00f6schung<br \/>\nablehnen und wir die Daten nicht mehr ben\u00f6tigen, Sie jedoch diese zur Geltendmachung,<br \/>\nAus\u00fcbung oder Verteidigung von Rechtsanspr\u00fcchen ben\u00f6tigen<br \/>\noder Sie gem\u00e4\u00df Art. 21 DSGVO Widerspruch gegen die Verarbeitung eingelegt<br \/>\nhaben;<br \/>\n\u2022 gem\u00e4\u00df Art. 20 DSGVO Ihre personenbezogenen Daten, die Sie uns bereitgestellt<br \/>\nhaben, in einem strukturierten, g\u00e4ngigen und maschinenlesbaren Format<br \/>\nzu erhalten oder die \u00dcbermittlung an einen anderen Verantwortlichen zu verlangen;<br \/>\n\u2022 gem\u00e4\u00df Art. 7 Abs. 3 DSGVO Ihre einmal erteilte Einwilligung jederzeit gegen\u00fcber<br \/>\nuns zu widerrufen. Dies hat zur Folge, dass wir die Datenverarbeitung, die<br \/>\nauf dieser Einwilligung beruhte, f\u00fcr die Zukunft nicht mehr fortf\u00fchren d\u00fcrfen<br \/>\nund<br \/>\n\u2022 gem\u00e4\u00df Art. 77 DSGVO sich bei einer Aufsichtsbeh\u00f6rde zu beschweren. In der<br \/>\nRegel k\u00f6nnen Sie sich hierf\u00fcr an die Aufsichtsbeh\u00f6rde Ihres \u00fcblichen Aufenthaltsortes oder Arbeitsplatzes wenden.<br \/>\n2. Widerspruchsrecht<br \/>\nSofern Ihre personenbezogenen Daten auf Grundlage von berechtigten Interessen<br \/>\ngem\u00e4\u00df Art. 6 Abs. 1 Satz 1 Buchst. f) DSGVO verarbeitet werden, haben<br \/>\nSie das Recht, gem\u00e4\u00df Art. 21 DSGVO Widerspruch gegen die Verarbeitung Ihrer<br \/>\npersonenbezogenen Daten einzulegen, soweit daf\u00fcr Gr\u00fcnde vorliegen, die<br \/>\nsich aus Ihrer besonderen Situation ergeben oder sich der Widerspruch gegen<br \/>\nDirektwerbung richtet. Im letzteren Fall haben Sie ein generelles Widerspruchsrecht, das ohne Angabe einer besonderen Situation von uns umgesetzt wird.<br \/>\nM\u00f6chten Sie von Ihrem Widerrufs- oder Widerspruchsrecht Gebrauch machen,<br \/>\ngen\u00fcgt eine E-Mail an beier@hospiz-solingen.de<br \/>\n3. Datensicherheit<br \/>\nWir bedienen uns geeigneter technischer und organisatorischer Sicherheits-ma\u00dfnahmen, um Ihre Daten gegen zuf\u00e4llige oder vors\u00e4tzliche Manipulationen, teilweisen oder vollst\u00e4ndigen Verlust, Zerst\u00f6rung oder gegen den unbefugten<br \/>\nZugriff Dritter zu sch\u00fctzen. Unsere Sicherheitsma\u00dfnahmen werden entsprechend<br \/>\nder technologischen Entwicklung fortlaufend verbessert.<br \/>\n4. Aktualit\u00e4t und \u00c4nderung dieser Datenschutzerkl\u00e4rung<br \/>\nDiese Datenschutzerkl\u00e4rung hat den Stand Mai 2018.<br \/>\nDurch die Weiterentwicklung unserer Website und Angebote dar\u00fcber oder aufgrund<br \/>\nge\u00e4nderter gesetzlicher bzw. beh\u00f6rdlicher Vorgaben kann es notwendig<br \/>\nwerden, diese Datenschutzerkl\u00e4rung zu \u00e4ndern.<br \/>\nDie jeweils aktuelle Datenschutzerkl\u00e4rung kann jederzeit auf der Website unter<br \/>\nhttps:\/\/www.hospiz-solingen.de\/datenschutzerklaerung von Ihnen abgerufen, eingesehen<br \/>\nund ausgedruckt werden.<\/p>\n","protected":false},"excerpt":{"rendered":"<p>Datenschutzerkl\u00e4rung nach DS-GVO F\u00fcr die Webpage Die Pflicht zur Bereitstellung von \u201eDatenschutzhinweisen\u201c folgt aus den Art. 12 bis 14 DSGVO sowie aus \u00a7 13 Abs. 1 Telemediengesetz (TMG). Die Hinweise sind f\u00fcr jeden weiteren oder jeden fortfallenden Verarbeitungsvorgang anzupassen, also<\/p>\n","protected":false},"author":2,"featured_media":0,"parent":0,"menu_order":0,"comment_status":"closed","ping_status":"closed","template":"","meta":{"footnotes":""},"class_list":["post-1383","page","type-page","status-publish","hentry"],"_links":{"self":[{"href":"https:\/\/www.hospiz-solingen.de\/wpn\/wp-json\/wp\/v2\/pages\/1383","targetHints":{"allow":["GET"]}}],"collection":[{"href":"https:\/\/www.hospiz-solingen.de\/wpn\/wp-json\/wp\/v2\/pages"}],"about":[{"href":"https:\/\/www.hospiz-solingen.de\/wpn\/wp-json\/wp\/v2\/types\/page"}],"author":[{"embeddable":true,"href":"https:\/\/www.hospiz-solingen.de\/wpn\/wp-json\/wp\/v2\/users\/2"}],"replies":[{"embeddable":true,"href":"https:\/\/www.hospiz-solingen.de\/wpn\/wp-json\/wp\/v2\/comments?post=1383"}],"version-history":[{"count":3,"href":"https:\/\/www.hospiz-solingen.de\/wpn\/wp-json\/wp\/v2\/pages\/1383\/revisions"}],"predecessor-version":[{"id":1388,"href":"https:\/\/www.hospiz-solingen.de\/wpn\/wp-json\/wp\/v2\/pages\/1383\/revisions\/1388"}],"wp:attachment":[{"href":"https:\/\/www.hospiz-solingen.de\/wpn\/wp-json\/wp\/v2\/media?parent=1383"}],"curies":[{"name":"wp","href":"https:\/\/api.w.org\/{rel}","templated":true}]}}