{"id":105,"date":"2014-11-17T21:02:16","date_gmt":"2014-11-17T20:02:16","guid":{"rendered":"http:\/\/www.hospiz-solingen.de\/wpn\/?page_id=105"},"modified":"2026-03-16T11:04:49","modified_gmt":"2026-03-16T10:04:49","slug":"spenden","status":"publish","type":"page","link":"https:\/\/www.hospiz-solingen.de\/wpn\/spenden\/","title":{"rendered":"Spenden"},"content":{"rendered":"<p>F\u00fcnf Prozent des Tagesbedarfssatzes eines station\u00e4ren Hospizes muss \u00fcber Spenden und Sponsoring finanziert werden.<br \/>\nDie meisten der Angebote des Solinger Hospizvereins, von Trauerbegleitung bis Bildungsarbeit sind ohne jede Gegenfinanzierung durch staatliche Stellen Teil des hospizlich-b\u00fcrgerschaftlichen Engagements.<\/p>\n<p>Wer unsere Arbeit unterst\u00fctzen m\u00f6chte, kann dies auf verschiedene Art und Weise tun:<\/p>\n<p><strong>G<\/strong><a title=\"Wertschein Tag\" href=\"https:\/\/www.hospiz-solingen.de\/wpn\/wp-content\/docs\/Wertschein_Tag.pdf\" target=\"_blank\" rel=\"noopener\"><img decoding=\"async\" style=\"float: right; margin: 5px;\" src=\"https:\/\/www.hospiz-solingen.de\/wpn\/wp-content\/uploads\/2014\/11\/wertschein-tag_kl.png\" alt=\"Wertschein Tag\" height=\"60\" \/><\/a><strong>eldspende<\/strong><br \/>\n<strong> Kranzspende<\/strong><br \/>\n<strong> Sach- und Zeitspenden<\/strong><br \/>\n<strong> Sponsoring-Projekt<\/strong><br \/>\n<strong>\u201eBu\u00dfgelder\u201c<\/strong><br \/>\n<strong><a title=\"Wertschein Woche\" href=\"https:\/\/www.hospiz-solingen.de\/wpn\/wp-content\/docs\/Wertschein_Woche.pdf\" target=\"_blank\" rel=\"noopener\"><img decoding=\"async\" style=\"float: right; margin: 5px;\" src=\"https:\/\/www.hospiz-solingen.de\/wpn\/wp-content\/uploads\/2014\/11\/wertschein-woche_kl.png\" alt=\"Wertschein Woche\" height=\"60\" \/><\/a><\/strong><strong>Wertscheine (siehe rechts)<\/strong><\/p>\n<p>Spendenkonto: Palliative Hospizstiftung Solingen<\/p>\n<p>Kreditinstitut: Stadt-Sparkasse Solingen<br \/>\nKonto: 587 687 5<br \/>\n<a title=\"Wertschein Monat\" href=\"https:\/\/www.hospiz-solingen.de\/wpn\/wp-content\/docs\/Wertschein_Monat.pdf\" target=\"_blank\" rel=\"noopener\"><img decoding=\"async\" style=\"float: right; margin: 5px;\" src=\"https:\/\/www.hospiz-solingen.de\/wpn\/wp-content\/uploads\/2014\/11\/wertschein-monat_kl.png\" alt=\"Wertschein Monat\" height=\"60\" \/><\/a>BLZ: 342 500 00<\/p>\n<p>IBAN: DE 59 3425 0000 0005 8768 75<\/p>\n<p>&nbsp;<\/p>\n<p><a title=\"Wertschein Jahr\" href=\"https:\/\/www.hospiz-solingen.de\/wpn\/wp-content\/docs\/Wertschein_Jahr.pdf\" target=\"_blank\" rel=\"noopener\"><img decoding=\"async\" style=\"float: right; margin: 5px;\" src=\"https:\/\/www.hospiz-solingen.de\/wpn\/wp-content\/uploads\/2014\/11\/wertschein-jahr_kl.png\" alt=\"Wertschein Jahr\" height=\"60\" \/><\/a><\/p>\n<p><strong>Ohne die &#8222;Unterst\u00fctzer&#8220; kann Hospizarbeit nicht lebendiger Teil einer Gesellschaft sein.<\/strong><br \/>\n<strong> Ohne die &#8222;Unterst\u00fctzer&#8220; k\u00f6nnen wir unsere vielf\u00e4ltigen Aufgaben nicht umsetzen.<\/strong><\/p>\n<p>Hospizarbeit braucht Menschen, die sich solidarisch f\u00fcr andere einsetzen; durch die Mitarbeit bei den verschiedensten Aktivit\u00e4ten, durch Sachspenden, durch das Zur-Verf\u00fcgung-Stellen von Knowhow und durch Geldmittel&#8230;<br \/>\nSeien Sie uns Freund und F\u00f6rderer.<\/p>\n<p>Viele Engagements, etwa die Trauerberatung, das Fr\u00fchst\u00fcck f\u00fcr Trauernde, das Schulprojekt von PHoS, die Netzwerkarbeit, unsere Bildungs- und Kulturarbeit oder die intensive, individuelle Betreuung von Erkrankten erfordern die Eigenleistungen des Vereins.<\/p>\n<p>Projekte, f\u00fcr die wir Geld ben\u00f6tigen, sind zum Beispiel:<\/p>\n<ul>\n<li>Bereitstellung von 4.000 \u20ac\u00a0 f\u00fcr die Ausbildung von zwei Krankenschwestern zur Palliative-Care-Fachschwester<\/li>\n<li>Anschaffung eines Notebooks und eines neuen Computers<\/li>\n<li>Finanzielle Unterst\u00fctzung bei der Realisierung von Informationsmaterialien f\u00fcr Betroffene<\/li>\n<li>Finanzielle Unterst\u00fctzung f\u00fcr das Station\u00e4re Hospiz f\u00fcr Renovierung und Ausbau<\/li>\n<\/ul>\n<p>Ihre Spenden sind uns immer sehr willkommen!<\/p>\n<p>Wenn Sie uns unterst\u00fctzen m\u00f6chten:<\/p>\n<p><strong>Geldspenden<\/strong><br \/>\nEmpf\u00e4nger: Palliative Hospizstiftung Solingen<\/p>\n<p>Spendenkonto:<\/p>\n<p>Kreditinstitut: Stadt-Sparkasse Solingen<br \/>\nKonto: 587 687 5<br \/>\nBLZ: 342 500 00<\/p>\n<p>IBAN: DE 59 3425 0000 0005 8768 75<\/p>\n<p>&nbsp;<\/p>\n<p><strong>Kranzspenden<\/strong><br \/>\nSpenden statt Blumen und Kr\u00e4nzen<\/p>\n<p><strong>Pers\u00f6nliche Feiern &#8211; Spenden statt Blumen und Geschenke:<\/strong><br \/>\nAnl\u00e4sse zum Feiern gibt es viele: Geburtstage, Jubil\u00e4en, eine Hochzeit&#8230;<br \/>\nGleichzeitig sind diese Ereignisse auch Gelegenheiten, sich f\u00fcr das Hospiz zu engagieren. Statt Blumen und Geschenke bittet der Spender seine G\u00e4ste um eine Zuwendung f\u00fcr das Hospiz PHoS in Solingen. Daf\u00fcr stellt das Hospiz Informationsmaterial und das Logo f\u00fcr die Einladungskarten zur Verf\u00fcgung.<\/p>\n<p><strong>PHoS ist als gemeinn\u00fctziger Verein anerkannt. Somit ist Ihre Spende steuerabzugsf\u00e4hig. Im Rahmen der Steuererkl\u00e4rung reicht ein Einzahlungsbeleg oder eine Buchungsbest\u00e4tigung der Bank als Nachweis aus. Auf Wunsch erhalten Sie auch eine Spendenquittung.<\/strong><\/p>\n","protected":false},"excerpt":{"rendered":"<p>F\u00fcnf Prozent des Tagesbedarfssatzes eines station\u00e4ren Hospizes muss \u00fcber Spenden und Sponsoring finanziert werden. Die meisten der Angebote des Solinger Hospizvereins, von Trauerbegleitung bis Bildungsarbeit sind ohne jede Gegenfinanzierung durch staatliche Stellen Teil des hospizlich-b\u00fcrgerschaftlichen Engagements. Wer unsere Arbeit unterst\u00fctzen<\/p>\n","protected":false},"author":1,"featured_media":0,"parent":0,"menu_order":0,"comment_status":"closed","ping_status":"closed","template":"","meta":{"footnotes":""},"class_list":["post-105","page","type-page","status-publish","hentry"],"_links":{"self":[{"href":"https:\/\/www.hospiz-solingen.de\/wpn\/wp-json\/wp\/v2\/pages\/105","targetHints":{"allow":["GET"]}}],"collection":[{"href":"https:\/\/www.hospiz-solingen.de\/wpn\/wp-json\/wp\/v2\/pages"}],"about":[{"href":"https:\/\/www.hospiz-solingen.de\/wpn\/wp-json\/wp\/v2\/types\/page"}],"author":[{"embeddable":true,"href":"https:\/\/www.hospiz-solingen.de\/wpn\/wp-json\/wp\/v2\/users\/1"}],"replies":[{"embeddable":true,"href":"https:\/\/www.hospiz-solingen.de\/wpn\/wp-json\/wp\/v2\/comments?post=105"}],"version-history":[{"count":32,"href":"https:\/\/www.hospiz-solingen.de\/wpn\/wp-json\/wp\/v2\/pages\/105\/revisions"}],"predecessor-version":[{"id":1392,"href":"https:\/\/www.hospiz-solingen.de\/wpn\/wp-json\/wp\/v2\/pages\/105\/revisions\/1392"}],"wp:attachment":[{"href":"https:\/\/www.hospiz-solingen.de\/wpn\/wp-json\/wp\/v2\/media?parent=105"}],"curies":[{"name":"wp","href":"https:\/\/api.w.org\/{rel}","templated":true}]}}