{"id":103,"date":"2014-11-17T20:51:53","date_gmt":"2014-11-17T19:51:53","guid":{"rendered":"http:\/\/www.hospiz-solingen.de\/wpn\/?page_id=103"},"modified":"2014-12-04T00:23:59","modified_gmt":"2014-12-03T23:23:59","slug":"ethische-beratung","status":"publish","type":"page","link":"https:\/\/www.hospiz-solingen.de\/wpn\/ethische-beratung\/","title":{"rendered":"Ethische Beratung"},"content":{"rendered":"<p>Ethische Probleme entstehen, wenn Werte miteinander in Konflikt geraten und verschiedene Handlungsalternativen m\u00f6glich sind. Dann muss man versuchen, das f\u00fcr eine bestimmte Situation richtige Handeln herauszufinden.<\/p>\n<p>Die moderne Medizin l\u00e4sst viele M\u00f6glichkeiten der Behandlung am Lebensende zu. H\u00e4ufig geht es um die Ern\u00e4hrung, die Versorgung mit Fl\u00fcssigkeit oder\u00a0 Therapieziel\u00e4nderungen.<\/p>\n<p>Die Mitarbeiterinnen und Mitarbeiter von PHoS unterst\u00fctzen Ihre \u00dcberlegungen zur ethischen Fragen und wir begleiten Sie\u00a0 bei ethischen Fallbesprechungen.<\/p>\n<p>Unser Angebot ist kostenfrei und richtet sich auch an\u00a0 Teams in den Einrichtungen der Station\u00e4ren Altenhilfe.<\/p>\n","protected":false},"excerpt":{"rendered":"<p>Ethische Probleme entstehen, wenn Werte miteinander in Konflikt geraten und verschiedene Handlungsalternativen m\u00f6glich sind. Dann muss man versuchen, das f\u00fcr eine bestimmte Situation richtige Handeln herauszufinden. Die moderne Medizin l\u00e4sst viele M\u00f6glichkeiten der Behandlung am Lebensende zu. H\u00e4ufig geht es<\/p>\n","protected":false},"author":1,"featured_media":0,"parent":0,"menu_order":0,"comment_status":"closed","ping_status":"closed","template":"","meta":{"footnotes":""},"class_list":["post-103","page","type-page","status-publish","hentry"],"_links":{"self":[{"href":"https:\/\/www.hospiz-solingen.de\/wpn\/wp-json\/wp\/v2\/pages\/103","targetHints":{"allow":["GET"]}}],"collection":[{"href":"https:\/\/www.hospiz-solingen.de\/wpn\/wp-json\/wp\/v2\/pages"}],"about":[{"href":"https:\/\/www.hospiz-solingen.de\/wpn\/wp-json\/wp\/v2\/types\/page"}],"author":[{"embeddable":true,"href":"https:\/\/www.hospiz-solingen.de\/wpn\/wp-json\/wp\/v2\/users\/1"}],"replies":[{"embeddable":true,"href":"https:\/\/www.hospiz-solingen.de\/wpn\/wp-json\/wp\/v2\/comments?post=103"}],"version-history":[{"count":2,"href":"https:\/\/www.hospiz-solingen.de\/wpn\/wp-json\/wp\/v2\/pages\/103\/revisions"}],"predecessor-version":[{"id":238,"href":"https:\/\/www.hospiz-solingen.de\/wpn\/wp-json\/wp\/v2\/pages\/103\/revisions\/238"}],"wp:attachment":[{"href":"https:\/\/www.hospiz-solingen.de\/wpn\/wp-json\/wp\/v2\/media?parent=103"}],"curies":[{"name":"wp","href":"https:\/\/api.w.org\/{rel}","templated":true}]}}