{"id":1013,"date":"2020-09-23T11:36:06","date_gmt":"2020-09-23T09:36:06","guid":{"rendered":"http:\/\/www.hospiz-solingen.de\/wpn\/?page_id=1013"},"modified":"2026-02-27T11:02:58","modified_gmt":"2026-02-27T10:02:58","slug":"letzte-hilfe-kurs","status":"publish","type":"page","link":"https:\/\/www.hospiz-solingen.de\/wpn\/letzte-hilfe-kurs\/","title":{"rendered":"Letzte Hilfe Kurs"},"content":{"rendered":"\n<figure class=\"wp-block-image size-large\"><img loading=\"lazy\" decoding=\"async\" width=\"221\" height=\"139\" src=\"https:\/\/www.hospiz-solingen.de\/wpn\/wp-content\/uploads\/2019\/11\/Logo_letzte_Hilfe.jpg\" alt=\"\" class=\"wp-image-931\"\/><\/figure>\n\n\n\n<p><strong>Am Ende wissen wie es geht<\/strong><\/p>\n\n\n\n<p>Ob es sich um nahe Angeh\u00f6rige, Freunde oder Bekannte handelt \u2013 oft ist das Lebensende und Sterben eines Menschen f\u00fcr sein Umfeld neben gro\u00dfer Sorge und Trauer mit Hilflosigkeit und Unsicherheiten behaftet. Um diese Unsicherheit ein St\u00fcck weit zu nehmen, bieten wir einen Basiskurs \u201eLetzte Hilfe\u201c an, in dem die Teilnehmer lernen, was sie f\u00fcr sterbende Mitmenschen am Ende des Lebens tun k\u00f6nnen.&nbsp;Der vierst\u00fcndige Kurs versteht sich als kleines 1&#215;1 der Sterbebegleitung. Die Inhalte des Kurses besch\u00e4ftigen sich mit Vorsorgem\u00f6glichkeiten, dem Sterben als Teil des Lebens, m\u00f6glichen Beschwerden im Sterbeprozess, mit Wegen und Handreichungen zur Linderung sowie mit M\u00f6glichkeiten, in W\u00fcrde Abschied nehmen zu k\u00f6nnen.<\/p>\n\n\n\n<p>N\u00e4chster Termin: 07. Mai 2026 von 12.00 &#8211; 16.00 Uhr, Gesch\u00e4ftsstelle PHoS, Gotenstr. 1, 42653 Solingen<\/p>\n\n\n\n<p>Die Teilnahme ist nur nach vorheriger Anmeldung unter Fon: 0212-547 27 00 oder <a href=\"mailto:ambulant@hospiz-solingen.de\">ambulant@hospiz-solingen.de<\/a> m\u00f6glich.<\/p>\n\n\n\n<p><\/p>\n\n\n\n<p><\/p>\n\n\n\n<p><\/p>\n\n\n\n<p><\/p>\n\n\n\n<p><\/p>\n","protected":false},"excerpt":{"rendered":"<p>Am Ende wissen wie es geht Ob es sich um nahe Angeh\u00f6rige, Freunde oder Bekannte handelt \u2013 oft ist das Lebensende und Sterben eines Menschen f\u00fcr sein Umfeld neben gro\u00dfer Sorge und Trauer mit Hilflosigkeit und Unsicherheiten behaftet. Um diese<\/p>\n","protected":false},"author":2,"featured_media":0,"parent":0,"menu_order":0,"comment_status":"closed","ping_status":"closed","template":"","meta":{"footnotes":""},"class_list":["post-1013","page","type-page","status-publish","hentry"],"_links":{"self":[{"href":"https:\/\/www.hospiz-solingen.de\/wpn\/wp-json\/wp\/v2\/pages\/1013","targetHints":{"allow":["GET"]}}],"collection":[{"href":"https:\/\/www.hospiz-solingen.de\/wpn\/wp-json\/wp\/v2\/pages"}],"about":[{"href":"https:\/\/www.hospiz-solingen.de\/wpn\/wp-json\/wp\/v2\/types\/page"}],"author":[{"embeddable":true,"href":"https:\/\/www.hospiz-solingen.de\/wpn\/wp-json\/wp\/v2\/users\/2"}],"replies":[{"embeddable":true,"href":"https:\/\/www.hospiz-solingen.de\/wpn\/wp-json\/wp\/v2\/comments?post=1013"}],"version-history":[{"count":18,"href":"https:\/\/www.hospiz-solingen.de\/wpn\/wp-json\/wp\/v2\/pages\/1013\/revisions"}],"predecessor-version":[{"id":1379,"href":"https:\/\/www.hospiz-solingen.de\/wpn\/wp-json\/wp\/v2\/pages\/1013\/revisions\/1379"}],"wp:attachment":[{"href":"https:\/\/www.hospiz-solingen.de\/wpn\/wp-json\/wp\/v2\/media?parent=1013"}],"curies":[{"name":"wp","href":"https:\/\/api.w.org\/{rel}","templated":true}]}}